{"id":16406,"date":"2021-09-27T11:41:04","date_gmt":"2021-09-27T09:41:04","guid":{"rendered":"https:\/\/www.jobcenterkoeln.de\/?page_id=16406"},"modified":"2024-01-09T13:24:07","modified_gmt":"2024-01-09T12:24:07","slug":"termine","status":"publish","type":"page","link":"https:\/\/www.jobcenterkoeln.de\/de_APP\/termine\/","title":{"rendered":"Termin\u00advereinbarung"},"content":{"rendered":"\n<div class=\"section content-section  no-mb text-image \" >\n    <div\n        class=\"container  \">\n        <div class=\"row\">\n                        <div class=\"col-12 \">\n\n                <div class=\"text-image__wrap \">\n                                        <div class=\"text-image__wrap-single\">\n                        <p><strong>Buchen Sie hier ganz einfach und schnell einen Termin:<\/strong><\/p>\n<p>Standort und Anliegen w\u00e4hlen &#8211; Termin aussuchen &#8211; Kontaktdaten ausf\u00fcllen &#8211; Fertig.<\/p>\n<p>Den Standort w\u00e4hlen Sie aus, indem Sie im ersten Schritt Ihre Postleitzahl und Ihr Alter (unter oder \u00fcber 25 Jahre) angeben. Daraufhin wird Ihnen Ihr Standort angezeigt. \u00dcber den blauen Button starten Sie dann die Anliegen- und Terminauswahl.<\/p>\n                    <\/div>\n\n                <\/div>\n            <\/div>\n\n                    <\/div>\n    <\/div>\n<\/div>\n\n  <div class=\"bookly-overlay-section\" id=\"bookly-section\">\n    <div class=\"bookly-overlay-section__wrap\">\n      <div class=\"bookly-overlay-section__description pb-5\"><h3 id=\"plz\">Termin vereinbaren<\/h3><br \/>\r\n<br \/>\r\n<strong>Erster Schritt: Standort finden<\/strong><br \/>\r\nDer Standort Ihres Jobcenters richtet sich nach Ihrem Alter und der Postleitzahl Ihres Wohnortes.<br \/>\r\nEinfach komplette PLZ eingeben und Ihren Standort finden.<br \/>\r\nYour Jobcenter K\u00f6ln location depends on your zip code and your age.<br \/>\r\nEnter complete zip code here to get your Jobcenter K\u00f6ln location.<\/div>      <div class=\"jck-map__radios mt-3\">\n          <!-- <span>Ich bin<\/span> -->\n          <label class=\"radio-wrap radio-wrapper\" for=\"ueber-25\">\n              <input type=\"radio\" name=\"category[]\" id=\"ueber-25\" value=\"ueber-25\" tabindex=\"0\">\n              <span class=\"custom-radio\"><\/span><strong>Mindestens eine <\/strong>Person in meiner Bedarfsgemeinschaft ist <strong>\u00e4lter als 25 Jahre<\/strong>.          <\/label>\n          <label class=\"radio-wrap radio-wrapper\" for=\"unter-25\">\n              <input type=\"radio\" name=\"category[]\" id=\"unter-25\" value=\"unter-25\" tabindex=\"0\">\n              <span class=\"custom-radio\"><\/span><strong>Ich bin unter 25 Jahre<\/strong> und wohne allein (mit meinen Kindern).          <\/label>\n      <\/div>\n      <div class=\"jck-map__search\" role=\"search\" method=\"get\" action=\"https:\/\/www.jobcenterkoeln.de\/de_APP\/\">\n        <input class=\"jck-map__input\" id=\"search_post_code\" type=\"text\" value=\"\" placeholder=\"Geben Sie hier Ihre Postleitzahl ein...\">\n        <button type=\"submit\" class=\"jck-map__button\" aria-label=\"Search\">\n            <img decoding=\"async\" src=\"https:\/\/www.jobcenterkoeln.de\/wp-content\/themes\/hp-theme-child\/assets\/ico\/search-ico.svg\" alt=\"\">\n        <\/button>\n      <\/div>\n      <span class=\"radios-error-message\">Bitte treffen Sie eine Auswahl<\/span>\n      <span class=\"radios-error-message-plz\">Bitte geben Sie eine PLZ ein<\/span>\n      <div id=\"jck-bookly-finder\">\n                <div tabindex=\"0\" id=\"kalk\" class=\"location\" style=\"display:none;\" data-category=\"ueber-25\">\n              <div class=\"location__image\">\n                  <div class=\"location__image-wrap\" style=\"background-image: url('https:\/\/www.jobcenterkoeln.de\/wp-content\/uploads\/2020\/11\/kalk.jpg');\"><\/div>\n              <\/div>\n              <div class=\"location__content\">\n                  <p class=\"location__overline xs-heading\">Standort<\/p>\n                  <p class=\"location__title s-heading\">Kalk<\/p>\n                  <div class=\"location__details\">\n                                            <p><a class=\"btn btn-primary btn-block\" href=\"https:\/\/www.jobcenterkoeln.de\/de_APP\/termine\/?selected=true&#038;loc_id=3\">Termin buchen<\/a><\/p>\n<p>&nbsp;<\/p>\n<p><a class=\"btn btn-primary btn-block\" href=\"https:\/\/web.arbeitsagentur.de\/post\/post-kpf-ui\/pd\/editor\" target=\"_blank\" rel=\"noopener\">Nachricht senden<\/a><\/p>\n<p>&nbsp;<\/p>\n<p style=\"text-align: right;\">mehr Infos \u2193<\/p>\n                  <\/div>\n              <\/div>\n          <\/div>\n                    <div tabindex=\"0\" id=\"mitte\" class=\"location\" style=\"display:none;\" data-category=\"ueber-25\">\n              <div class=\"location__image\">\n                  <div class=\"location__image-wrap\" style=\"background-image: url('https:\/\/www.jobcenterkoeln.de\/wp-content\/uploads\/2020\/11\/mitte.jpg');\"><\/div>\n              <\/div>\n              <div class=\"location__content\">\n                  <p class=\"location__overline xs-heading\">Standort<\/p>\n                  <p class=\"location__title s-heading\">Mitte<\/p>\n                  <div class=\"location__details\">\n                                            <p><a class=\"btn btn-primary btn-block\" href=\"https:\/\/www.jobcenterkoeln.de\/de_APP\/termine\/?selected=true&#038;loc_id=8\">Termin buchen<\/a><\/p>\n<p>&nbsp;<\/p>\n<p><a class=\"btn btn-primary btn-block\" href=\"https:\/\/web.arbeitsagentur.de\/post\/post-kpf-ui\/pd\/editor\" target=\"_blank\" rel=\"noopener\">Nachricht senden<\/a><\/p>\n<p>&nbsp;<\/p>\n<p style=\"text-align: right;\">mehr Infos \u2193<\/p>\n                  <\/div>\n              <\/div>\n          <\/div>\n                    <div tabindex=\"0\" id=\"muelheim\" class=\"location\" style=\"display:none;\" data-category=\"ueber-25\">\n              <div class=\"location__image\">\n                  <div class=\"location__image-wrap\" style=\"background-image: url('https:\/\/www.jobcenterkoeln.de\/wp-content\/uploads\/2020\/11\/muelheim.png');\"><\/div>\n              <\/div>\n              <div class=\"location__content\">\n                  <p class=\"location__overline xs-heading\">Standort<\/p>\n                  <p class=\"location__title s-heading\">M\u00fclheim<\/p>\n                  <div class=\"location__details\">\n                                            <p><a class=\"btn btn-primary btn-block\" href=\"https:\/\/www.jobcenterkoeln.de\/de_APP\/termine\/?selected=true&#038;loc_id=1\">Termin buchen<\/a><\/p>\n<p>&nbsp;<\/p>\n<p><a class=\"btn btn-primary btn-block\" href=\"https:\/\/web.arbeitsagentur.de\/post\/post-kpf-ui\/pd\/editor\" target=\"_blank\" rel=\"noopener\">Nachricht senden<\/a><\/p>\n<p>&nbsp;<\/p>\n<p style=\"text-align: right;\">mehr Infos \u2193<\/p>\n                  <\/div>\n              <\/div>\n          <\/div>\n                    <div tabindex=\"0\" id=\"nord-chorweiler\" class=\"location\" style=\"display:none;\" data-category=\"ueber-25\">\n              <div class=\"location__image\">\n                  <div class=\"location__image-wrap\" style=\"background-image: url('https:\/\/www.jobcenterkoeln.de\/wp-content\/uploads\/2020\/11\/chorweiler.jpg');\"><\/div>\n              <\/div>\n              <div class=\"location__content\">\n                  <p class=\"location__overline xs-heading\">Standort<\/p>\n                  <p class=\"location__title s-heading\">Nord-Chorweiler<\/p>\n                  <div class=\"location__details\">\n                                            <p><a class=\"btn btn-primary btn-block\" href=\"https:\/\/www.jobcenterkoeln.de\/de_APP\/termine\/?selected=true&#038;loc_id=7\">Termin buchen<\/a><\/p>\n<p>&nbsp;<\/p>\n<p><a class=\"btn btn-primary btn-block\" href=\"https:\/\/web.arbeitsagentur.de\/post\/post-kpf-ui\/pd\/editor\" target=\"_blank\" rel=\"noopener\">Nachricht senden<\/a><\/p>\n<p>&nbsp;<\/p>\n<p><a class=\"btn btn-primary btn-block\" href=\"https:\/\/www.jobcenterkoeln.de\/news\/orientierungsservice-chorweiler-wir-ziehen-um\/\">Wichtige Info f\u00fcr Neukunden<\/a><\/p>\n<p>&nbsp;<\/p>\n<p style=\"text-align: right;\">mehr Infos \u2193<\/p>\n                  <\/div>\n              <\/div>\n          <\/div>\n                    <div tabindex=\"0\" id=\"nord-nippes\" class=\"location\" style=\"display:none;\" data-category=\"ueber-25\">\n              <div class=\"location__image\">\n                  <div class=\"location__image-wrap\" style=\"background-image: url('https:\/\/www.jobcenterkoeln.de\/wp-content\/uploads\/2020\/11\/nippes.jpg');\"><\/div>\n              <\/div>\n              <div class=\"location__content\">\n                  <p class=\"location__overline xs-heading\">Standort<\/p>\n                  <p class=\"location__title s-heading\">Nord-Nippes<\/p>\n                  <div class=\"location__details\">\n                                            <p><a class=\"btn btn-primary btn-block\" href=\"https:\/\/www.jobcenterkoeln.de\/de_APP\/termine\/?selected=true&#038;loc_id=6\">Termin buchen<\/a><\/p>\n<p>&nbsp;<\/p>\n<p><a class=\"btn btn-primary btn-block\" href=\"https:\/\/web.arbeitsagentur.de\/post\/post-kpf-ui\/pd\/editor\" target=\"_blank\" rel=\"noopener\">Nachricht senden<\/a><\/p>\n<p>&nbsp;<\/p>\n<p style=\"text-align: right;\">mehr Infos \u2193<\/p>\n                  <\/div>\n              <\/div>\n          <\/div>\n                    <div tabindex=\"0\" id=\"sued\" class=\"location\" style=\"display:none;\" data-category=\"ueber-25\">\n              <div class=\"location__image\">\n                  <div class=\"location__image-wrap\" style=\"background-image: url('https:\/\/www.jobcenterkoeln.de\/wp-content\/uploads\/2020\/11\/mitte.jpg');\"><\/div>\n              <\/div>\n              <div class=\"location__content\">\n                  <p class=\"location__overline xs-heading\">Standort<\/p>\n                  <p class=\"location__title s-heading\">S\u00fcd<\/p>\n                  <div class=\"location__details\">\n                                            <p><a class=\"btn btn-primary btn-block\" href=\"https:\/\/www.jobcenterkoeln.de\/de_APP\/termine\/?selected=true&#038;loc_id=4\">Termin buchen<\/a><\/p>\n<p>&nbsp;<\/p>\n<p><a class=\"btn btn-primary btn-block\" href=\"https:\/\/web.arbeitsagentur.de\/post\/post-kpf-ui\/pd\/editor\" target=\"_blank\" rel=\"noopener\">Nachricht senden<\/a><\/p>\n<p>&nbsp;<\/p>\n<p style=\"text-align: right;\">mehr Infos \u2193<\/p>\n                  <\/div>\n              <\/div>\n          <\/div>\n                    <div tabindex=\"0\" id=\"porz\" class=\"location\" style=\"display:none;\" data-category=\"ueber-25\">\n              <div class=\"location__image\">\n                  <div class=\"location__image-wrap\" style=\"background-image: url('https:\/\/www.jobcenterkoeln.de\/wp-content\/uploads\/2020\/11\/porz.jpg');\"><\/div>\n              <\/div>\n              <div class=\"location__content\">\n                  <p class=\"location__overline xs-heading\">Standort<\/p>\n                  <p class=\"location__title s-heading\">Porz<\/p>\n                  <div class=\"location__details\">\n                                            <p><a class=\"btn btn-primary btn-block\" href=\"https:\/\/www.jobcenterkoeln.de\/de_APP\/termine\/?selected=true&#038;loc_id=2\">Termin buchen<\/a><\/p>\n<p>&nbsp;<\/p>\n<p><a class=\"btn btn-primary btn-block\" href=\"https:\/\/web.arbeitsagentur.de\/post\/post-kpf-ui\/pd\/editor\" target=\"_blank\" rel=\"noopener\">Nachricht senden<\/a><\/p>\n<p>&nbsp;<\/p>\n<p style=\"text-align: right;\">mehr Infos \u2193<\/p>\n                  <\/div>\n              <\/div>\n          <\/div>\n                    <div tabindex=\"0\" id=\"u25\" class=\"location\" style=\"display:none;\" data-category=\"unter-25\">\n              <div class=\"location__image\">\n                  <div class=\"location__image-wrap\" style=\"background-image: url('https:\/\/www.jobcenterkoeln.de\/wp-content\/uploads\/2020\/11\/u25-1.png');\"><\/div>\n              <\/div>\n              <div class=\"location__content\">\n                  <p class=\"location__overline xs-heading\">Standort<\/p>\n                  <p class=\"location__title s-heading\">U25 (f\u00fcr unter 25-J\u00e4hrige)<\/p>\n                  <div class=\"location__details\">\n                                            <p><a class=\"btn btn-primary btn-block\" href=\"https:\/\/www.jobcenterkoeln.de\/de_APP\/termine\/?selected=true&#038;loc_id=5\">Termin buchen<\/a><\/p>\n<p>&nbsp;<\/p>\n<p><a class=\"btn btn-primary btn-block\" href=\"https:\/\/web.arbeitsagentur.de\/post\/post-kpf-ui\/pd\/editor\" target=\"_blank\" rel=\"noopener\">Nachricht senden<\/a><\/p>\n<p>&nbsp;<\/p>\n<p style=\"text-align: right;\">mehr Infos \u2193<\/p>\n                  <\/div>\n              <\/div>\n          <\/div>\n                <\/div>\n    <\/div>\n  <\/div>\n  <script>\n      const postCodes = {\"kalk\":[\"50679\",\"51103\",\"51107\",\"51109\"],\"mitte\":[\"50672\",\"50674\",\"50677\",\"50678\",\"50739\",\"50823\",\"50825\",\"50827\"],\"muelheim\":[\"51061\",\"51063\",\"51065\",\"51067\",\"51069\"],\"nord-chorweiler\":[\"50767\",\"50765\",\"50769\"],\"nord-nippes\":[\"50667\",\"50668\",\"50670\",\"50733\",\"50735\",\"50737\"],\"sued\":[\"50676\",\"50829\",\"50858\",\"50859\",\"50931\",\"50933\",\"50935\",\"50937\",\"50939\",\"50968\",\"50969\",\"50996\",\"50997\",\"50999\"],\"porz\":[\"51143\",\"51147\",\"51149\",\"51105\",\"51145\"],\"u25\":[\"50667\",\"50668\",\"50670\",\"50672\",\"50674\",\"50676\",\"50677\",\"50678\",\"50679\",\"50733\",\"50735\",\"50737\",\"50739\",\"50765\",\"50767\",\"50769\",\"50823\",\"50825\",\"50827\",\"50829\",\"50858\",\"50859\",\"50931\",\"50933\",\"50935\",\"50937\",\"50939\",\"50968\",\"50969\",\"50996\",\"50997\",\"50999\",\"51061\",\"51063\",\"51065\",\"51067\",\"51069\",\"51103\",\"51105\",\"51107\",\"51109\",\"51143\",\"51145\",\"51147\",\"51149\"]}  <\/script>\n  \n\n\r\n<div class=\"space\"><\/div>\n\n    <div class=\"hp-paragraph container \"><p><a href=\"https:\/\/www.jobcenterkoeln.de\/termine\/einverstaendniserklaerung\/\">&gt; Einverst\u00e4ndniserkl\u00e4rung lesen<\/a><br \/>\n<a href=\"https:\/\/www.jobcenterkoeln.de\/termine\/widerruf\/\">&gt; Einverst\u00e4ndnis widerrufen<\/a><\/p>\n<\/div>\n","protected":false},"excerpt":{"rendered":"","protected":false},"author":1,"featured_media":0,"parent":0,"menu_order":0,"comment_status":"closed","ping_status":"closed","template":"page-templates\/booking.php","meta":{"_acf_changed":false,"footnotes":""},"folder":[],"class_list":["post-16406","page","type-page","status-publish","hentry"],"acf":[],"yoast_head":"<!-- This site is optimized with the Yoast SEO Premium plugin v26.9 (Yoast SEO v26.9) - https:\/\/yoast.com\/product\/yoast-seo-premium-wordpress\/ -->\n<title>Termin\u00advereinbarung - Jobcenter K\u00f6ln<\/title>\n<meta name=\"robots\" content=\"index, nofollow, max-snippet:-1, max-image-preview:large, max-video-preview:-1\" \/>\n<link rel=\"canonical\" href=\"https:\/\/www.jobcenterkoeln.de\/de_APP\/termine\/\" \/>\n<meta property=\"og:locale\" content=\"de_DE\" \/>\n<meta property=\"og:type\" content=\"article\" \/>\n<meta property=\"og:title\" content=\"Termin\u00advereinbarung\" \/>\n<meta property=\"og:url\" content=\"https:\/\/www.jobcenterkoeln.de\/de_APP\/termine\/\" \/>\n<meta property=\"og:site_name\" content=\"Jobcenter K\u00f6ln\" \/>\n<meta property=\"article:publisher\" content=\"https:\/\/www.facebook.com\/jobcenterkoeln\" \/>\n<meta property=\"article:modified_time\" content=\"2024-01-09T12:24:07+00:00\" \/>\n<meta name=\"twitter:card\" content=\"summary_large_image\" \/>\n<meta name=\"twitter:label1\" content=\"Est. reading time\" \/>\n\t<meta name=\"twitter:data1\" content=\"1 minute\" \/>\n<script type=\"application\/ld+json\" class=\"yoast-schema-graph\">{\"@context\":\"https:\/\/schema.org\",\"@graph\":[{\"@type\":\"WebPage\",\"@id\":\"https:\/\/www.jobcenterkoeln.de\/de_APP\/termine\/\",\"url\":\"https:\/\/www.jobcenterkoeln.de\/de_APP\/termine\/\",\"name\":\"Termin\u00advereinbarung - Jobcenter K\u00f6ln\",\"isPartOf\":{\"@id\":\"https:\/\/www.jobcenterkoeln.de\/de_APP\/#website\"},\"datePublished\":\"2021-09-27T09:41:04+00:00\",\"dateModified\":\"2024-01-09T12:24:07+00:00\",\"breadcrumb\":{\"@id\":\"https:\/\/www.jobcenterkoeln.de\/de_APP\/termine\/#breadcrumb\"},\"inLanguage\":\"de-APP\",\"potentialAction\":[{\"@type\":\"ReadAction\",\"target\":[\"https:\/\/www.jobcenterkoeln.de\/de_APP\/termine\/\"]}]},{\"@type\":\"BreadcrumbList\",\"@id\":\"https:\/\/www.jobcenterkoeln.de\/de_APP\/termine\/#breadcrumb\",\"itemListElement\":[{\"@type\":\"ListItem\",\"position\":1,\"name\":\"Home\",\"item\":\"https:\/\/www.jobcenterkoeln.de\/de_APP\/\"},{\"@type\":\"ListItem\",\"position\":2,\"name\":\"Termin\u00advereinbarung\"}]},{\"@type\":\"WebSite\",\"@id\":\"https:\/\/www.jobcenterkoeln.de\/de_APP\/#website\",\"url\":\"https:\/\/www.jobcenterkoeln.de\/de_APP\/\",\"name\":\"Jobcenter K\u00f6ln\",\"description\":\"\",\"publisher\":{\"@id\":\"https:\/\/www.jobcenterkoeln.de\/de_APP\/#organization\"},\"potentialAction\":[{\"@type\":\"SearchAction\",\"target\":{\"@type\":\"EntryPoint\",\"urlTemplate\":\"https:\/\/www.jobcenterkoeln.de\/de_APP\/?s={search_term_string}\"},\"query-input\":{\"@type\":\"PropertyValueSpecification\",\"valueRequired\":true,\"valueName\":\"search_term_string\"}}],\"inLanguage\":\"de-APP\"},{\"@type\":\"Organization\",\"@id\":\"https:\/\/www.jobcenterkoeln.de\/de_APP\/#organization\",\"name\":\"Jobcenter K\u00f6ln\",\"url\":\"https:\/\/www.jobcenterkoeln.de\/de_APP\/\",\"logo\":{\"@type\":\"ImageObject\",\"inLanguage\":\"de-APP\",\"@id\":\"https:\/\/www.jobcenterkoeln.de\/de_APP\/#\/schema\/logo\/image\/\",\"url\":\"\",\"contentUrl\":\"\",\"caption\":\"Jobcenter K\u00f6ln\"},\"image\":{\"@id\":\"https:\/\/www.jobcenterkoeln.de\/de_APP\/#\/schema\/logo\/image\/\"},\"sameAs\":[\"https:\/\/www.facebook.com\/jobcenterkoeln\",\"https:\/\/www.youtube.com\/channel\/UCYRuht_ePRSHEkGxLmTjr0Q\"]}]}<\/script>\n<!-- \/ Yoast SEO Premium plugin. -->","yoast_head_json":{"title":"Termin\u00advereinbarung - Jobcenter K\u00f6ln","robots":{"index":"index","follow":"nofollow","max-snippet":"max-snippet:-1","max-image-preview":"max-image-preview:large","max-video-preview":"max-video-preview:-1"},"canonical":"https:\/\/www.jobcenterkoeln.de\/de_APP\/termine\/","og_locale":"de_DE","og_type":"article","og_title":"Termin\u00advereinbarung","og_url":"https:\/\/www.jobcenterkoeln.de\/de_APP\/termine\/","og_site_name":"Jobcenter K\u00f6ln","article_publisher":"https:\/\/www.facebook.com\/jobcenterkoeln","article_modified_time":"2024-01-09T12:24:07+00:00","twitter_card":"summary_large_image","twitter_misc":{"Est. reading time":"1 minute"},"schema":{"@context":"https:\/\/schema.org","@graph":[{"@type":"WebPage","@id":"https:\/\/www.jobcenterkoeln.de\/de_APP\/termine\/","url":"https:\/\/www.jobcenterkoeln.de\/de_APP\/termine\/","name":"Termin\u00advereinbarung - Jobcenter K\u00f6ln","isPartOf":{"@id":"https:\/\/www.jobcenterkoeln.de\/de_APP\/#website"},"datePublished":"2021-09-27T09:41:04+00:00","dateModified":"2024-01-09T12:24:07+00:00","breadcrumb":{"@id":"https:\/\/www.jobcenterkoeln.de\/de_APP\/termine\/#breadcrumb"},"inLanguage":"de-APP","potentialAction":[{"@type":"ReadAction","target":["https:\/\/www.jobcenterkoeln.de\/de_APP\/termine\/"]}]},{"@type":"BreadcrumbList","@id":"https:\/\/www.jobcenterkoeln.de\/de_APP\/termine\/#breadcrumb","itemListElement":[{"@type":"ListItem","position":1,"name":"Home","item":"https:\/\/www.jobcenterkoeln.de\/de_APP\/"},{"@type":"ListItem","position":2,"name":"Termin\u00advereinbarung"}]},{"@type":"WebSite","@id":"https:\/\/www.jobcenterkoeln.de\/de_APP\/#website","url":"https:\/\/www.jobcenterkoeln.de\/de_APP\/","name":"Jobcenter K\u00f6ln","description":"","publisher":{"@id":"https:\/\/www.jobcenterkoeln.de\/de_APP\/#organization"},"potentialAction":[{"@type":"SearchAction","target":{"@type":"EntryPoint","urlTemplate":"https:\/\/www.jobcenterkoeln.de\/de_APP\/?s={search_term_string}"},"query-input":{"@type":"PropertyValueSpecification","valueRequired":true,"valueName":"search_term_string"}}],"inLanguage":"de-APP"},{"@type":"Organization","@id":"https:\/\/www.jobcenterkoeln.de\/de_APP\/#organization","name":"Jobcenter K\u00f6ln","url":"https:\/\/www.jobcenterkoeln.de\/de_APP\/","logo":{"@type":"ImageObject","inLanguage":"de-APP","@id":"https:\/\/www.jobcenterkoeln.de\/de_APP\/#\/schema\/logo\/image\/","url":"","contentUrl":"","caption":"Jobcenter K\u00f6ln"},"image":{"@id":"https:\/\/www.jobcenterkoeln.de\/de_APP\/#\/schema\/logo\/image\/"},"sameAs":["https:\/\/www.facebook.com\/jobcenterkoeln","https:\/\/www.youtube.com\/channel\/UCYRuht_ePRSHEkGxLmTjr0Q"]}]}},"_links":{"self":[{"href":"https:\/\/www.jobcenterkoeln.de\/de_APP\/wp-json\/wp\/v2\/pages\/16406","targetHints":{"allow":["GET"]}}],"collection":[{"href":"https:\/\/www.jobcenterkoeln.de\/de_APP\/wp-json\/wp\/v2\/pages"}],"about":[{"href":"https:\/\/www.jobcenterkoeln.de\/de_APP\/wp-json\/wp\/v2\/types\/page"}],"author":[{"embeddable":true,"href":"https:\/\/www.jobcenterkoeln.de\/de_APP\/wp-json\/wp\/v2\/users\/1"}],"replies":[{"embeddable":true,"href":"https:\/\/www.jobcenterkoeln.de\/de_APP\/wp-json\/wp\/v2\/comments?post=16406"}],"version-history":[{"count":31,"href":"https:\/\/www.jobcenterkoeln.de\/de_APP\/wp-json\/wp\/v2\/pages\/16406\/revisions"}],"predecessor-version":[{"id":25431,"href":"https:\/\/www.jobcenterkoeln.de\/de_APP\/wp-json\/wp\/v2\/pages\/16406\/revisions\/25431"}],"wp:attachment":[{"href":"https:\/\/www.jobcenterkoeln.de\/de_APP\/wp-json\/wp\/v2\/media?parent=16406"}],"wp:term":[{"taxonomy":"folder","embeddable":true,"href":"https:\/\/www.jobcenterkoeln.de\/de_APP\/wp-json\/wp\/v2\/folder?post=16406"}],"curies":[{"name":"wp","href":"https:\/\/api.w.org\/{rel}","templated":true}]}}