{"id":16426,"date":"2021-09-27T12:25:37","date_gmt":"2021-09-27T10:25:37","guid":{"rendered":"https:\/\/www.jobcenterkoeln.de\/?page_id=16426"},"modified":"2023-01-04T11:26:54","modified_gmt":"2023-01-04T10:26:54","slug":"widerruf","status":"publish","type":"page","link":"https:\/\/www.jobcenterkoeln.de\/de_APP\/termine\/widerruf\/","title":{"rendered":"Widerruf"},"content":{"rendered":"<div class=\"section content-section text_only\" >\n    <div class=\"container\">\n        <div class=\"content-module flower-blue  content-module--text_only\">\n            <div class=\"content-module__wrap\">\n                                    <div class=\"content-module__content text_only \">\n                        <div class=\"content-module__text row\">\n                                                            <div class=\"col-md-6\">\n                                <p><strong>Widerruf der Einverst\u00e4ndniserkl\u00e4rung \u2013 So funktioniert\u2019s:<\/strong><\/p>\n<p>Schritt 1: Bitte senden Sie uns \u00fcber dieses Formular Ihre E-Mail-Adresse, mit der Sie den bzw. die Termine bei uns gebucht haben.<\/p>\n<p>Schritt 2: Sofern wir Ihre E-Mail-Adresse in unserem System finden, senden wir Ihnen eine E-Mail. Diese enth\u00e4lt einen Link, mit dem Sie Ihren Widerruf best\u00e4tigen. Bitte pr\u00fcfen Sie auch Ihren SPAM Ordner.<\/p>\n<p>Schritt 3: Klicken Sie auf den Widerrufs-Link in der E-Mail.<\/p>\n<p>Schritt 4: Wir senden Ihnen per E-Mail die Best\u00e4tigung, dass Ihr Widerruf erfolgreich war.<\/p>\n                                <\/div>\n                                <div class=\"col-md-6\">\n                                <p><strong>Einverst\u00e4ndniserkl\u00e4rung widerrufen<\/strong><\/p>\n<p>M\u00f6chten Sie Ihr Einverst\u00e4ndnis widerrufen?<br \/>\nBitte beachten Sie: <strong>Durch Ihren Widerruf werden alle gebuchten Termine storniert.<\/strong><\/p>\n<form id=\"delete-user\"><input id=\"email\" name=\"email\" type=\"email\" placeholder=\"Geben Sie Ihre E-Mail-Adresse ein\" \/><br \/>\n<button id=\"delete-user-submit\">Daten l\u00f6schen<\/button><\/p>\n<div class=\"message-info\"><\/div>\n<\/form>\n                                <\/div>\n                                                        <\/div>\n                                            <\/div>\n                                <\/div>\n        <\/div>\n    <\/div>\n<\/div>","protected":false},"excerpt":{"rendered":"","protected":false},"author":1,"featured_media":0,"parent":16406,"menu_order":0,"comment_status":"closed","ping_status":"closed","template":"","meta":{"_acf_changed":false,"footnotes":""},"folder":[],"class_list":["post-16426","page","type-page","status-publish","hentry"],"acf":[],"yoast_head":"<!-- This site is optimized with the Yoast SEO Premium plugin v26.9 (Yoast SEO v26.9) - https:\/\/yoast.com\/product\/yoast-seo-premium-wordpress\/ -->\n<title>Widerruf - Jobcenter K\u00f6ln<\/title>\n<meta name=\"robots\" content=\"index, nofollow, max-snippet:-1, max-image-preview:large, max-video-preview:-1\" \/>\n<link rel=\"canonical\" href=\"https:\/\/www.jobcenterkoeln.de\/de_APP\/termine\/widerruf\/\" \/>\n<meta property=\"og:locale\" content=\"de_DE\" \/>\n<meta property=\"og:type\" content=\"article\" \/>\n<meta property=\"og:title\" content=\"Widerruf\" \/>\n<meta property=\"og:url\" content=\"https:\/\/www.jobcenterkoeln.de\/de_APP\/termine\/widerruf\/\" \/>\n<meta property=\"og:site_name\" content=\"Jobcenter K\u00f6ln\" \/>\n<meta property=\"article:publisher\" content=\"https:\/\/www.facebook.com\/jobcenterkoeln\" \/>\n<meta property=\"article:modified_time\" content=\"2023-01-04T10:26:54+00:00\" \/>\n<meta name=\"twitter:card\" content=\"summary_large_image\" \/>\n<script type=\"application\/ld+json\" class=\"yoast-schema-graph\">{\"@context\":\"https:\/\/schema.org\",\"@graph\":[{\"@type\":\"WebPage\",\"@id\":\"https:\/\/www.jobcenterkoeln.de\/de_APP\/termine\/widerruf\/\",\"url\":\"https:\/\/www.jobcenterkoeln.de\/de_APP\/termine\/widerruf\/\",\"name\":\"Widerruf - Jobcenter K\u00f6ln\",\"isPartOf\":{\"@id\":\"https:\/\/www.jobcenterkoeln.de\/de_APP\/#website\"},\"datePublished\":\"2021-09-27T10:25:37+00:00\",\"dateModified\":\"2023-01-04T10:26:54+00:00\",\"breadcrumb\":{\"@id\":\"https:\/\/www.jobcenterkoeln.de\/de_APP\/termine\/widerruf\/#breadcrumb\"},\"inLanguage\":\"de-APP\",\"potentialAction\":[{\"@type\":\"ReadAction\",\"target\":[\"https:\/\/www.jobcenterkoeln.de\/de_APP\/termine\/widerruf\/\"]}]},{\"@type\":\"BreadcrumbList\",\"@id\":\"https:\/\/www.jobcenterkoeln.de\/de_APP\/termine\/widerruf\/#breadcrumb\",\"itemListElement\":[{\"@type\":\"ListItem\",\"position\":1,\"name\":\"Home\",\"item\":\"https:\/\/www.jobcenterkoeln.de\/de_APP\/\"},{\"@type\":\"ListItem\",\"position\":2,\"name\":\"Termin\u00advereinbarung\",\"item\":\"https:\/\/www.jobcenterkoeln.de\/de_APP\/termine\/\"},{\"@type\":\"ListItem\",\"position\":3,\"name\":\"Widerruf\"}]},{\"@type\":\"WebSite\",\"@id\":\"https:\/\/www.jobcenterkoeln.de\/de_APP\/#website\",\"url\":\"https:\/\/www.jobcenterkoeln.de\/de_APP\/\",\"name\":\"Jobcenter K\u00f6ln\",\"description\":\"\",\"publisher\":{\"@id\":\"https:\/\/www.jobcenterkoeln.de\/de_APP\/#organization\"},\"potentialAction\":[{\"@type\":\"SearchAction\",\"target\":{\"@type\":\"EntryPoint\",\"urlTemplate\":\"https:\/\/www.jobcenterkoeln.de\/de_APP\/?s={search_term_string}\"},\"query-input\":{\"@type\":\"PropertyValueSpecification\",\"valueRequired\":true,\"valueName\":\"search_term_string\"}}],\"inLanguage\":\"de-APP\"},{\"@type\":\"Organization\",\"@id\":\"https:\/\/www.jobcenterkoeln.de\/de_APP\/#organization\",\"name\":\"Jobcenter K\u00f6ln\",\"url\":\"https:\/\/www.jobcenterkoeln.de\/de_APP\/\",\"logo\":{\"@type\":\"ImageObject\",\"inLanguage\":\"de-APP\",\"@id\":\"https:\/\/www.jobcenterkoeln.de\/de_APP\/#\/schema\/logo\/image\/\",\"url\":\"\",\"contentUrl\":\"\",\"caption\":\"Jobcenter K\u00f6ln\"},\"image\":{\"@id\":\"https:\/\/www.jobcenterkoeln.de\/de_APP\/#\/schema\/logo\/image\/\"},\"sameAs\":[\"https:\/\/www.facebook.com\/jobcenterkoeln\",\"https:\/\/www.youtube.com\/channel\/UCYRuht_ePRSHEkGxLmTjr0Q\"]}]}<\/script>\n<!-- \/ Yoast SEO Premium plugin. -->","yoast_head_json":{"title":"Widerruf - Jobcenter K\u00f6ln","robots":{"index":"index","follow":"nofollow","max-snippet":"max-snippet:-1","max-image-preview":"max-image-preview:large","max-video-preview":"max-video-preview:-1"},"canonical":"https:\/\/www.jobcenterkoeln.de\/de_APP\/termine\/widerruf\/","og_locale":"de_DE","og_type":"article","og_title":"Widerruf","og_url":"https:\/\/www.jobcenterkoeln.de\/de_APP\/termine\/widerruf\/","og_site_name":"Jobcenter K\u00f6ln","article_publisher":"https:\/\/www.facebook.com\/jobcenterkoeln","article_modified_time":"2023-01-04T10:26:54+00:00","twitter_card":"summary_large_image","schema":{"@context":"https:\/\/schema.org","@graph":[{"@type":"WebPage","@id":"https:\/\/www.jobcenterkoeln.de\/de_APP\/termine\/widerruf\/","url":"https:\/\/www.jobcenterkoeln.de\/de_APP\/termine\/widerruf\/","name":"Widerruf - Jobcenter K\u00f6ln","isPartOf":{"@id":"https:\/\/www.jobcenterkoeln.de\/de_APP\/#website"},"datePublished":"2021-09-27T10:25:37+00:00","dateModified":"2023-01-04T10:26:54+00:00","breadcrumb":{"@id":"https:\/\/www.jobcenterkoeln.de\/de_APP\/termine\/widerruf\/#breadcrumb"},"inLanguage":"de-APP","potentialAction":[{"@type":"ReadAction","target":["https:\/\/www.jobcenterkoeln.de\/de_APP\/termine\/widerruf\/"]}]},{"@type":"BreadcrumbList","@id":"https:\/\/www.jobcenterkoeln.de\/de_APP\/termine\/widerruf\/#breadcrumb","itemListElement":[{"@type":"ListItem","position":1,"name":"Home","item":"https:\/\/www.jobcenterkoeln.de\/de_APP\/"},{"@type":"ListItem","position":2,"name":"Termin\u00advereinbarung","item":"https:\/\/www.jobcenterkoeln.de\/de_APP\/termine\/"},{"@type":"ListItem","position":3,"name":"Widerruf"}]},{"@type":"WebSite","@id":"https:\/\/www.jobcenterkoeln.de\/de_APP\/#website","url":"https:\/\/www.jobcenterkoeln.de\/de_APP\/","name":"Jobcenter K\u00f6ln","description":"","publisher":{"@id":"https:\/\/www.jobcenterkoeln.de\/de_APP\/#organization"},"potentialAction":[{"@type":"SearchAction","target":{"@type":"EntryPoint","urlTemplate":"https:\/\/www.jobcenterkoeln.de\/de_APP\/?s={search_term_string}"},"query-input":{"@type":"PropertyValueSpecification","valueRequired":true,"valueName":"search_term_string"}}],"inLanguage":"de-APP"},{"@type":"Organization","@id":"https:\/\/www.jobcenterkoeln.de\/de_APP\/#organization","name":"Jobcenter K\u00f6ln","url":"https:\/\/www.jobcenterkoeln.de\/de_APP\/","logo":{"@type":"ImageObject","inLanguage":"de-APP","@id":"https:\/\/www.jobcenterkoeln.de\/de_APP\/#\/schema\/logo\/image\/","url":"","contentUrl":"","caption":"Jobcenter K\u00f6ln"},"image":{"@id":"https:\/\/www.jobcenterkoeln.de\/de_APP\/#\/schema\/logo\/image\/"},"sameAs":["https:\/\/www.facebook.com\/jobcenterkoeln","https:\/\/www.youtube.com\/channel\/UCYRuht_ePRSHEkGxLmTjr0Q"]}]}},"_links":{"self":[{"href":"https:\/\/www.jobcenterkoeln.de\/de_APP\/wp-json\/wp\/v2\/pages\/16426","targetHints":{"allow":["GET"]}}],"collection":[{"href":"https:\/\/www.jobcenterkoeln.de\/de_APP\/wp-json\/wp\/v2\/pages"}],"about":[{"href":"https:\/\/www.jobcenterkoeln.de\/de_APP\/wp-json\/wp\/v2\/types\/page"}],"author":[{"embeddable":true,"href":"https:\/\/www.jobcenterkoeln.de\/de_APP\/wp-json\/wp\/v2\/users\/1"}],"replies":[{"embeddable":true,"href":"https:\/\/www.jobcenterkoeln.de\/de_APP\/wp-json\/wp\/v2\/comments?post=16426"}],"version-history":[{"count":6,"href":"https:\/\/www.jobcenterkoeln.de\/de_APP\/wp-json\/wp\/v2\/pages\/16426\/revisions"}],"predecessor-version":[{"id":21920,"href":"https:\/\/www.jobcenterkoeln.de\/de_APP\/wp-json\/wp\/v2\/pages\/16426\/revisions\/21920"}],"up":[{"embeddable":true,"href":"https:\/\/www.jobcenterkoeln.de\/de_APP\/wp-json\/wp\/v2\/pages\/16406"}],"wp:attachment":[{"href":"https:\/\/www.jobcenterkoeln.de\/de_APP\/wp-json\/wp\/v2\/media?parent=16426"}],"wp:term":[{"taxonomy":"folder","embeddable":true,"href":"https:\/\/www.jobcenterkoeln.de\/de_APP\/wp-json\/wp\/v2\/folder?post=16426"}],"curies":[{"name":"wp","href":"https:\/\/api.w.org\/{rel}","templated":true}]}}