{"id":16437,"date":"2021-03-18T10:03:01","date_gmt":"2021-03-18T09:03:01","guid":{"rendered":"https:\/\/www.jobcenterkoeln.de\/?page_id=16437"},"modified":"2024-01-09T12:33:00","modified_gmt":"2024-01-09T11:33:00","slug":"online","status":"publish","type":"page","link":"https:\/\/www.jobcenterkoeln.de\/de_APP\/online\/","title":{"rendered":"Online Angebote"},"content":{"rendered":"\n<div class=\"section content-section   text-image sky-blue\" >\n    <div\n        class=\"container  \">\n        <div class=\"row\">\n                        <div class=\"col-12 \">\n\n                <div class=\"text-image__wrap sky-blue\">\n                                        <div class=\"text-image__wrap-single\">\n                        <p>Unterlagen einreichen, Kontakt aufnehmen, Antr\u00e4ge stellen, Informationen rund um&#8217;s Jobcenter K\u00f6ln finden, Termin buchen: All das k\u00f6nnen Sie ganz flexibel und sicher online erledigen. Jederzeit und \u00fcberall.<\/p>\n<p>Wie Sie uns online erreichen und was genau Sie dort erledigen k\u00f6nnen &#8211; das finden Sie auf diesen Seiten zusammengefasst. Klicken Sie auf das entsprechende Symbol oder den Namen, um mehr \u00fcber unsere Online Angebote zu erfahren.<\/p>\n                    <\/div>\n\n                <\/div>\n            <\/div>\n\n                    <\/div>\n    <\/div>\n<\/div>\n\n\n<section class=\"small-teasers-section\" >\n    <div class=\"container\">\n        <div class=\"row pt-3\">\n        <div class=\" col-12 small-teasers-section__col\">\n    <div class=\"small-teaser sky-blue  small-teaser--fullwidth \">\n        <div class=\"small-teaser__pic sky-blue\">\n            <img decoding=\"async\" class=\"small-teaser__image img-fluid\" data-attachment-id=\"23312\" src=\"https:\/\/www.jobcenterkoeln.de\/wp-content\/uploads\/2023\/03\/bild_faq-1024x1024.png\" srcset=\"https:\/\/www.jobcenterkoeln.de\/wp-content\/uploads\/2023\/03\/bild_faq.png 1024w, https:\/\/www.jobcenterkoeln.de\/wp-content\/uploads\/2023\/03\/bild_faq-300x300.png 300w, https:\/\/www.jobcenterkoeln.de\/wp-content\/uploads\/2023\/03\/bild_faq-150x150.png 150w, https:\/\/www.jobcenterkoeln.de\/wp-content\/uploads\/2023\/03\/bild_faq-768x768.png 768w\" sizes=\"100vw\" alt=\"\" \/>\n        <\/div>\n                <div class=\"small-teaser__body-wrap\">\n                    <div class=\"small-teaser__body small-teaser__body--margin\">\n                                    <p class=\"small-teaser__heading card-title s-heading\">\n                        Sie haben Fragen zu Jobcenter K\u00f6ln Online?                    <\/p>\n                                        <div class=\"small-teaser__description\"><p>Hier finden Sie unsere FAQ (Fragen und Antworten) zu unseren Online-Angeboten.<\/p>\n<\/div>\n                                <\/div>\n                            <div class=\"small-teaser__button-wrap\">\n                    <a href=\"https:\/\/www.jobcenterkoeln.de\/online\/faq\/\" target=\"\" class=\" small-teaser__link stretched-link\">\n                        <span class=\"small-teaser__link-text\">\n                            FAQ Jobcenter K\u00f6ln Online                        <\/span>\n                        <div class=\"small-teaser__link-arrow sky-blue\">\n                            <svg class=\"sky-blue\" width=\"15\" height=\"16\" viewBox=\"0 0 15 16\" fill=\"none\" xmlns=\"http:\/\/www.w3.org\/2000\/svg\">\n                                <path d=\"M0 8H14\" stroke=\"white\" stroke-width=\"1.5\" stroke-linejoin=\"round\"\/>\n                                <path d=\"M7 1L14 8L7 15\" stroke=\"white\" stroke-width=\"1.5\" stroke-linejoin=\"round\"\/>\n                            <\/svg>\n                        <\/div>\n                    <\/a>\n                <\/div>\n                        <\/div>\n            <\/div>\n<\/div>        <\/div>\n    <\/div>\n<\/section>\n\n\n<div class=\"section content-section   text-image \" >\n    <div\n        class=\"container cols-separated \">\n        <div class=\"row\">\n            \n                    <div class=\"col-12 col-lg-4 text-image__triple\">\n                                                <div class=\"text-image__triple-separated\">\n                                                                                        <div class=\"text-image__triple-separated--content\"><p><a href=\"https:\/\/www.jobcenterkoeln.de\/de_APP\/online\/jobcenter-digital\/\"><img decoding=\"async\" class=\"aligncenter\" src=\"https:\/\/www.jobcenterkoeln.de\/wp-content\/uploads\/2022\/08\/jobcenter.digital.png\" alt=\"mehr Infos zu jobcenter.digital\" width=\"250px\" height=\"auto\" \/><\/a><\/p>\n<p style=\"text-align: center;\"><a href=\"https:\/\/www.jobcenterkoeln.de\/de_APP\/online\/jobcenter-digital\/\"><strong>jobcenter.digital<\/strong><\/a><\/p>\n<p style=\"text-align: center;\">Nachrichten ans Jobcenter, Unterlagen schicken, Antr\u00e4ge stellen<\/p>\n<\/div>                                                    <\/div>\n                                            <\/div>\n                    <div class=\"col-12 col-lg-4 text-image__triple\">\n                                                <div class=\"text-image__triple-separated\">\n                                                                                        <div class=\"text-image__triple-separated--content\"><p><a href=\"https:\/\/www.jobcenterkoeln.de\/de_APP\/online\/otv\/\"><img decoding=\"async\" class=\"aligncenter\" src=\"https:\/\/www.jobcenterkoeln.de\/wp-content\/uploads\/2022\/08\/bild_otv.png\" alt=\"mehr Infos zu jobcenter.digital\" width=\"250px\" height=\"auto\" \/><\/a><\/p>\n<p style=\"text-align: center;\"><a href=\"https:\/\/www.jobcenterkoeln.de\/de_APP\/online\/otv\/\"><strong>Online Terminvereinbarung<\/strong><\/a><\/p>\n<p style=\"text-align: center;\">Termin online buchen, Anliegen ohne Wartezeit kl\u00e4ren<\/p>\n<\/div>                                                     <\/div>\n                                            <\/div>\n                    <div class=\"col-12 col-lg-4 text-image__triple\">\n                                                <div class=\"text-image__triple-separated\">\n                                                                                        <div class=\"text-image__triple-separated--content\"><p><a href=\"https:\/\/www.jobcenterkoeln.de\/de_APP\/?page_id=19743\"><img decoding=\"async\" class=\"aligncenter\" src=\"https:\/\/www.jobcenterkoeln.de\/wp-content\/uploads\/2022\/08\/bild_app.png\" alt=\"mehr Infos zu jobcenter.digital\" width=\"250px\" height=\"auto\" \/><\/a><\/p>\n<p style=\"text-align: center;\"><a href=\"https:\/\/www.jobcenterkoeln.de\/online\/de_APP\/app\/\"><strong>Jobcenter K\u00f6ln App<\/strong><\/a><\/p>\n<p style=\"text-align: center;\">Mit <em>Jobcenter K\u00f6ln mobil<\/em> immer und \u00fcberall flexibel sein<\/p>\n<\/div>                                                     <\/div>\n                                            <\/div>\n\n                            <\/div>\n    <\/div>\n<\/div>\n\n\r\n<div class=\"space\"><\/div>\n\n\n<div class=\"section image-section \">\n    <div class=\"container my-4\">\n        <div class=\"image-module  no-border\">\n            <div class=\"image-module__wrap\">\n                              <a href=\"\" data-title=\"\" data-lightbox=\"img\">\n                              <figure class=\"image-module__figure figure\">\n                                  <\/figure>\n                 \n              <\/a>\n                          <\/div>\n        <\/div>\n    <\/div>\n<\/div>","protected":false},"excerpt":{"rendered":"","protected":false},"author":139,"featured_media":0,"parent":0,"menu_order":0,"comment_status":"closed","ping_status":"closed","template":"","meta":{"_acf_changed":false,"footnotes":""},"folder":[],"class_list":["post-16437","page","type-page","status-publish","hentry"],"acf":[],"yoast_head":"<!-- This site is optimized with the Yoast SEO Premium plugin v26.9 (Yoast SEO v26.9) - https:\/\/yoast.com\/product\/yoast-seo-premium-wordpress\/ -->\n<title>Online Angebote - Jobcenter K\u00f6ln<\/title>\n<meta name=\"description\" content=\"eServices im Jobcenter K\u00f6ln: Antrag online ausf\u00fcllen - jobcenter.digital - Weiterbewilligungsantrag - Ver\u00e4nderungsmitteilung\" \/>\n<meta name=\"robots\" content=\"index, follow, max-snippet:-1, max-image-preview:large, max-video-preview:-1\" \/>\n<link rel=\"canonical\" href=\"https:\/\/www.jobcenterkoeln.de\/de_APP\/online\/\" \/>\n<meta property=\"og:locale\" content=\"de_DE\" \/>\n<meta property=\"og:type\" content=\"article\" \/>\n<meta property=\"og:title\" content=\"Online Angebote\" \/>\n<meta property=\"og:description\" content=\"eServices im Jobcenter K\u00f6ln: Antrag online ausf\u00fcllen - jobcenter.digital - Weiterbewilligungsantrag - Ver\u00e4nderungsmitteilung\" \/>\n<meta property=\"og:url\" content=\"https:\/\/www.jobcenterkoeln.de\/de_APP\/online\/\" \/>\n<meta property=\"og:site_name\" content=\"Jobcenter K\u00f6ln\" \/>\n<meta property=\"article:publisher\" content=\"https:\/\/www.facebook.com\/jobcenterkoeln\" \/>\n<meta property=\"article:modified_time\" content=\"2024-01-09T11:33:00+00:00\" \/>\n<meta name=\"twitter:card\" content=\"summary_large_image\" \/>\n<meta name=\"twitter:label1\" content=\"Est. reading time\" \/>\n\t<meta name=\"twitter:data1\" content=\"2 minutes\" \/>\n<script type=\"application\/ld+json\" class=\"yoast-schema-graph\">{\"@context\":\"https:\/\/schema.org\",\"@graph\":[{\"@type\":\"WebPage\",\"@id\":\"https:\/\/www.jobcenterkoeln.de\/de_APP\/online\/\",\"url\":\"https:\/\/www.jobcenterkoeln.de\/de_APP\/online\/\",\"name\":\"Online Angebote - Jobcenter K\u00f6ln\",\"isPartOf\":{\"@id\":\"https:\/\/www.jobcenterkoeln.de\/de_APP\/#website\"},\"datePublished\":\"2021-03-18T09:03:01+00:00\",\"dateModified\":\"2024-01-09T11:33:00+00:00\",\"description\":\"eServices im Jobcenter K\u00f6ln: Antrag online ausf\u00fcllen - jobcenter.digital - Weiterbewilligungsantrag - Ver\u00e4nderungsmitteilung\",\"breadcrumb\":{\"@id\":\"https:\/\/www.jobcenterkoeln.de\/de_APP\/online\/#breadcrumb\"},\"inLanguage\":\"de-APP\",\"potentialAction\":[{\"@type\":\"ReadAction\",\"target\":[\"https:\/\/www.jobcenterkoeln.de\/de_APP\/online\/\"]}]},{\"@type\":\"BreadcrumbList\",\"@id\":\"https:\/\/www.jobcenterkoeln.de\/de_APP\/online\/#breadcrumb\",\"itemListElement\":[{\"@type\":\"ListItem\",\"position\":1,\"name\":\"Home\",\"item\":\"https:\/\/www.jobcenterkoeln.de\/de_APP\/\"},{\"@type\":\"ListItem\",\"position\":2,\"name\":\"Online Angebote\"}]},{\"@type\":\"WebSite\",\"@id\":\"https:\/\/www.jobcenterkoeln.de\/de_APP\/#website\",\"url\":\"https:\/\/www.jobcenterkoeln.de\/de_APP\/\",\"name\":\"Jobcenter K\u00f6ln\",\"description\":\"\",\"publisher\":{\"@id\":\"https:\/\/www.jobcenterkoeln.de\/de_APP\/#organization\"},\"potentialAction\":[{\"@type\":\"SearchAction\",\"target\":{\"@type\":\"EntryPoint\",\"urlTemplate\":\"https:\/\/www.jobcenterkoeln.de\/de_APP\/?s={search_term_string}\"},\"query-input\":{\"@type\":\"PropertyValueSpecification\",\"valueRequired\":true,\"valueName\":\"search_term_string\"}}],\"inLanguage\":\"de-APP\"},{\"@type\":\"Organization\",\"@id\":\"https:\/\/www.jobcenterkoeln.de\/de_APP\/#organization\",\"name\":\"Jobcenter K\u00f6ln\",\"url\":\"https:\/\/www.jobcenterkoeln.de\/de_APP\/\",\"logo\":{\"@type\":\"ImageObject\",\"inLanguage\":\"de-APP\",\"@id\":\"https:\/\/www.jobcenterkoeln.de\/de_APP\/#\/schema\/logo\/image\/\",\"url\":\"\",\"contentUrl\":\"\",\"caption\":\"Jobcenter K\u00f6ln\"},\"image\":{\"@id\":\"https:\/\/www.jobcenterkoeln.de\/de_APP\/#\/schema\/logo\/image\/\"},\"sameAs\":[\"https:\/\/www.facebook.com\/jobcenterkoeln\",\"https:\/\/www.youtube.com\/channel\/UCYRuht_ePRSHEkGxLmTjr0Q\"]}]}<\/script>\n<!-- \/ Yoast SEO Premium plugin. -->","yoast_head_json":{"title":"Online Angebote - Jobcenter K\u00f6ln","description":"eServices im Jobcenter K\u00f6ln: Antrag online ausf\u00fcllen - jobcenter.digital - Weiterbewilligungsantrag - Ver\u00e4nderungsmitteilung","robots":{"index":"index","follow":"follow","max-snippet":"max-snippet:-1","max-image-preview":"max-image-preview:large","max-video-preview":"max-video-preview:-1"},"canonical":"https:\/\/www.jobcenterkoeln.de\/de_APP\/online\/","og_locale":"de_DE","og_type":"article","og_title":"Online Angebote","og_description":"eServices im Jobcenter K\u00f6ln: Antrag online ausf\u00fcllen - jobcenter.digital - Weiterbewilligungsantrag - Ver\u00e4nderungsmitteilung","og_url":"https:\/\/www.jobcenterkoeln.de\/de_APP\/online\/","og_site_name":"Jobcenter K\u00f6ln","article_publisher":"https:\/\/www.facebook.com\/jobcenterkoeln","article_modified_time":"2024-01-09T11:33:00+00:00","twitter_card":"summary_large_image","twitter_misc":{"Est. reading time":"2 minutes"},"schema":{"@context":"https:\/\/schema.org","@graph":[{"@type":"WebPage","@id":"https:\/\/www.jobcenterkoeln.de\/de_APP\/online\/","url":"https:\/\/www.jobcenterkoeln.de\/de_APP\/online\/","name":"Online Angebote - Jobcenter K\u00f6ln","isPartOf":{"@id":"https:\/\/www.jobcenterkoeln.de\/de_APP\/#website"},"datePublished":"2021-03-18T09:03:01+00:00","dateModified":"2024-01-09T11:33:00+00:00","description":"eServices im Jobcenter K\u00f6ln: Antrag online ausf\u00fcllen - jobcenter.digital - Weiterbewilligungsantrag - Ver\u00e4nderungsmitteilung","breadcrumb":{"@id":"https:\/\/www.jobcenterkoeln.de\/de_APP\/online\/#breadcrumb"},"inLanguage":"de-APP","potentialAction":[{"@type":"ReadAction","target":["https:\/\/www.jobcenterkoeln.de\/de_APP\/online\/"]}]},{"@type":"BreadcrumbList","@id":"https:\/\/www.jobcenterkoeln.de\/de_APP\/online\/#breadcrumb","itemListElement":[{"@type":"ListItem","position":1,"name":"Home","item":"https:\/\/www.jobcenterkoeln.de\/de_APP\/"},{"@type":"ListItem","position":2,"name":"Online Angebote"}]},{"@type":"WebSite","@id":"https:\/\/www.jobcenterkoeln.de\/de_APP\/#website","url":"https:\/\/www.jobcenterkoeln.de\/de_APP\/","name":"Jobcenter K\u00f6ln","description":"","publisher":{"@id":"https:\/\/www.jobcenterkoeln.de\/de_APP\/#organization"},"potentialAction":[{"@type":"SearchAction","target":{"@type":"EntryPoint","urlTemplate":"https:\/\/www.jobcenterkoeln.de\/de_APP\/?s={search_term_string}"},"query-input":{"@type":"PropertyValueSpecification","valueRequired":true,"valueName":"search_term_string"}}],"inLanguage":"de-APP"},{"@type":"Organization","@id":"https:\/\/www.jobcenterkoeln.de\/de_APP\/#organization","name":"Jobcenter K\u00f6ln","url":"https:\/\/www.jobcenterkoeln.de\/de_APP\/","logo":{"@type":"ImageObject","inLanguage":"de-APP","@id":"https:\/\/www.jobcenterkoeln.de\/de_APP\/#\/schema\/logo\/image\/","url":"","contentUrl":"","caption":"Jobcenter K\u00f6ln"},"image":{"@id":"https:\/\/www.jobcenterkoeln.de\/de_APP\/#\/schema\/logo\/image\/"},"sameAs":["https:\/\/www.facebook.com\/jobcenterkoeln","https:\/\/www.youtube.com\/channel\/UCYRuht_ePRSHEkGxLmTjr0Q"]}]}},"_links":{"self":[{"href":"https:\/\/www.jobcenterkoeln.de\/de_APP\/wp-json\/wp\/v2\/pages\/16437","targetHints":{"allow":["GET"]}}],"collection":[{"href":"https:\/\/www.jobcenterkoeln.de\/de_APP\/wp-json\/wp\/v2\/pages"}],"about":[{"href":"https:\/\/www.jobcenterkoeln.de\/de_APP\/wp-json\/wp\/v2\/types\/page"}],"author":[{"embeddable":true,"href":"https:\/\/www.jobcenterkoeln.de\/de_APP\/wp-json\/wp\/v2\/users\/139"}],"replies":[{"embeddable":true,"href":"https:\/\/www.jobcenterkoeln.de\/de_APP\/wp-json\/wp\/v2\/comments?post=16437"}],"version-history":[{"count":17,"href":"https:\/\/www.jobcenterkoeln.de\/de_APP\/wp-json\/wp\/v2\/pages\/16437\/revisions"}],"predecessor-version":[{"id":25413,"href":"https:\/\/www.jobcenterkoeln.de\/de_APP\/wp-json\/wp\/v2\/pages\/16437\/revisions\/25413"}],"wp:attachment":[{"href":"https:\/\/www.jobcenterkoeln.de\/de_APP\/wp-json\/wp\/v2\/media?parent=16437"}],"wp:term":[{"taxonomy":"folder","embeddable":true,"href":"https:\/\/www.jobcenterkoeln.de\/de_APP\/wp-json\/wp\/v2\/folder?post=16437"}],"curies":[{"name":"wp","href":"https:\/\/api.w.org\/{rel}","templated":true}]}}