{"id":16439,"date":"2020-11-15T17:26:01","date_gmt":"2020-11-15T16:26:01","guid":{"rendered":"https:\/\/www.jobcenterkoeln.de\/?page_id=16439"},"modified":"2024-01-09T10:10:25","modified_gmt":"2024-01-09T09:10:25","slug":"downloads","status":"publish","type":"page","link":"https:\/\/www.jobcenterkoeln.de\/de_APP\/downloads\/","title":{"rendered":"Downloads"},"content":{"rendered":"\n<div class=\"section content-section   text-image sky-blue\" >\n    <div\n        class=\"container  \">\n        <div class=\"row\">\n                        <div class=\"col-12 \">\n\n                <div class=\"text-image__wrap sky-blue\">\n                                        <div class=\"text-image__wrap-single\">\n                        <p>Hier finden Sie alle wichtigen Formulare und Antr\u00e4ge zum Download.<\/p>\n<p>Die Downloads sind sortiert. Dateien, die \u00e4hnlich sind, finden Sie unter einer \u00dcberschrift.<\/p>\n<p>An der Farbe erkennen Sie, ob die Datei Informationen f\u00fcr einen neuen Job enth\u00e4lt (Gr\u00fcn), mit Geld zu tun hat (Gelb) oder \u00fcber das Jobcenter informiert (Rot). Blau markierte Dateien sind allgemeine Informationen.<\/p>\n                    <\/div>\n\n                <\/div>\n            <\/div>\n\n                    <\/div>\n    <\/div>\n<\/div>\n\n\n<section class=\"small-teasers-section\" >\n    <div class=\"container\">\n        <div class=\"row pt-3\">\n        <div class=\" col-12 small-teasers-section__col\">\n    <div class=\"small-teaser flower-blue  small-teaser--fullwidth \">\n        <div class=\"small-teaser__pic flower-blue\">\n            <img decoding=\"async\" class=\"small-teaser__image img-fluid\" data-attachment-id=\"14239\" src=\"https:\/\/www.jobcenterkoeln.de\/wp-content\/uploads\/2020\/10\/icon_eServices.svg\" srcset=\"\" sizes=\"100vw\" alt=\"\" \/>\n        <\/div>\n                    <div class=\"small-teaser__body \">\n                                    <p class=\"small-teaser__heading card-title s-heading\">\n                        jobcenter.digital                    <\/p>\n                                        <div class=\"small-teaser__description\"><p>Weiterbewilligungsantr\u00e4ge (WBA) und Ver\u00e4nderungsmitteilungen (V\u00c4M) k\u00f6nnen Sie auch bequem online einreichen.<\/p>\n<\/div>\n                                <\/div>\n                            <a href=\"http:\/\/www.jobcenter.digital\" target=\"_blank\" class=\" small-teaser__arrow flower-blue stretched-link\" aria-label=\"zu jobcenter.digital\">\n                    <svg class=\"flower-blue\" width=\"15\" height=\"16\" viewBox=\"0 0 15 16\" fill=\"none\" xmlns=\"http:\/\/www.w3.org\/2000\/svg\">\n                        <path d=\"M0 8H14\" stroke=\"white\" stroke-width=\"1.5\" stroke-linejoin=\"round\"\/>\n                        <path d=\"M7 1L14 8L7 15\" stroke=\"white\" stroke-width=\"1.5\" stroke-linejoin=\"round\"\/>\n                    <\/svg>\n                <\/a>\n                    <\/div>\n<\/div>        <\/div>\n    <\/div>\n<\/section>\n\n    <h3 class=\"m-heading text-left container\" id=\"\">Formulare<\/h3>\r\n    \n\n\n<section class=\"small-teasers-section\" >\n    <div class=\"container\">\n        <div class=\"row pt-3\">\n        <div class=\"col-md-6 col-12 small-teasers-section__col\">\n    <div class=\"small-teaser yellow small-teaser--download  \">\n        <div class=\"small-teaser__pic yellow\">\n            <img decoding=\"async\" class=\"small-teaser__image img-fluid\" data-attachment-id=\"16004\" src=\"https:\/\/www.jobcenterkoeln.de\/wp-content\/uploads\/2020\/11\/icon_download_dunkelgrau_circle.svg\" srcset=\"\" sizes=\"100vw\" alt=\"\" \/>\n        <\/div>\n                <div class=\"small-teaser__body-wrap\">\n                    <div class=\"small-teaser__body small-teaser__body--margin\">\n                                    <p class=\"small-teaser__heading card-title s-heading\">\n                        Neuantrag                    <\/p>\n                                        <div class=\"small-teaser__description\"><p>Wenn Sie noch nie Geld vom Jobcenter bekommen haben (oder das letzte Mal mehr als 3 Monate her ist).<\/p>\n<\/div>\n                                <\/div>\n                            <div class=\"small-teaser__button-wrap\">\n                    <a href=\"https:\/\/www.arbeitsagentur.de\/datei\/vereinfachter-antrag-arbeitslosengeld-ii_ba146399.pdf\" target=\"_blank\" class=\" small-teaser__link stretched-link\">\n                        <span class=\"small-teaser__link-text\">\n                            Download Neuantrag (PDF)                        <\/span>\n                        <div class=\"small-teaser__link-arrow yellow\">\n                            <svg class=\"yellow\" width=\"15\" height=\"16\" viewBox=\"0 0 15 16\" fill=\"none\" xmlns=\"http:\/\/www.w3.org\/2000\/svg\">\n                                <path d=\"M0 8H14\" stroke=\"white\" stroke-width=\"1.5\" stroke-linejoin=\"round\"\/>\n                                <path d=\"M7 1L14 8L7 15\" stroke=\"white\" stroke-width=\"1.5\" stroke-linejoin=\"round\"\/>\n                            <\/svg>\n                        <\/div>\n                    <\/a>\n                <\/div>\n                        <\/div>\n            <\/div>\n<\/div><div class=\"col-md-6 col-12 small-teasers-section__col\">\n    <div class=\"small-teaser yellow small-teaser--download  \">\n        <div class=\"small-teaser__pic yellow\">\n            <img decoding=\"async\" class=\"small-teaser__image img-fluid\" data-attachment-id=\"16004\" src=\"https:\/\/www.jobcenterkoeln.de\/wp-content\/uploads\/2020\/11\/icon_download_dunkelgrau_circle.svg\" srcset=\"\" sizes=\"100vw\" alt=\"\" \/>\n        <\/div>\n                <div class=\"small-teaser__body-wrap\">\n                    <div class=\"small-teaser__body small-teaser__body--margin\">\n                                    <p class=\"small-teaser__heading card-title s-heading\">\n                        Ver\u00e4nderungs\u00admitteilung (V\u00c4M)                    <\/p>\n                                        <div class=\"small-teaser__description\"><p>Wenn sich an Ihrer Situation oder an Ihren Daten etwas ge\u00e4ndert hat (zum Beispiel neue Kontonummer).<\/p>\n<\/div>\n                                <\/div>\n                            <div class=\"small-teaser__button-wrap\">\n                    <a href=\"https:\/\/www.arbeitsagentur.de\/datei\/veraenderungsmitteilung-algii_ba015414.pdf\" target=\"_blank\" class=\" small-teaser__link stretched-link\">\n                        <span class=\"small-teaser__link-text\">\n                            Download Ver\u00e4nderungsmitteilung (PDF)                        <\/span>\n                        <div class=\"small-teaser__link-arrow yellow\">\n                            <svg class=\"yellow\" width=\"15\" height=\"16\" viewBox=\"0 0 15 16\" fill=\"none\" xmlns=\"http:\/\/www.w3.org\/2000\/svg\">\n                                <path d=\"M0 8H14\" stroke=\"white\" stroke-width=\"1.5\" stroke-linejoin=\"round\"\/>\n                                <path d=\"M7 1L14 8L7 15\" stroke=\"white\" stroke-width=\"1.5\" stroke-linejoin=\"round\"\/>\n                            <\/svg>\n                        <\/div>\n                    <\/a>\n                <\/div>\n                        <\/div>\n            <\/div>\n<\/div><div class=\"col-md-6 col-12 small-teasers-section__col\">\n    <div class=\"small-teaser yellow small-teaser--download  \">\n        <div class=\"small-teaser__pic yellow\">\n            <img decoding=\"async\" class=\"small-teaser__image img-fluid\" data-attachment-id=\"16004\" src=\"https:\/\/www.jobcenterkoeln.de\/wp-content\/uploads\/2020\/11\/icon_download_dunkelgrau_circle.svg\" srcset=\"\" sizes=\"100vw\" alt=\"\" \/>\n        <\/div>\n                <div class=\"small-teaser__body-wrap\">\n                    <div class=\"small-teaser__body small-teaser__body--margin\">\n                                    <p class=\"small-teaser__heading card-title s-heading\">\n                        Weiterbewilligungs\u00adantrag (WBA)                    <\/p>\n                                        <div class=\"small-teaser__description\"><p>Wenn Sie gerade Geld vom Jobcenter bekommen und weiter Hilfe brauchen.<\/p>\n<\/div>\n                                <\/div>\n                            <div class=\"small-teaser__button-wrap\">\n                    <a href=\"https:\/\/www.arbeitsagentur.de\/datei\/weiterbewilligungalgii_ba015785.pdf\" target=\"_blank\" class=\" small-teaser__link stretched-link\">\n                        <span class=\"small-teaser__link-text\">\n                            Download Antrag Weiterbewilligung (PDF)                        <\/span>\n                        <div class=\"small-teaser__link-arrow yellow\">\n                            <svg class=\"yellow\" width=\"15\" height=\"16\" viewBox=\"0 0 15 16\" fill=\"none\" xmlns=\"http:\/\/www.w3.org\/2000\/svg\">\n                                <path d=\"M0 8H14\" stroke=\"white\" stroke-width=\"1.5\" stroke-linejoin=\"round\"\/>\n                                <path d=\"M7 1L14 8L7 15\" stroke=\"white\" stroke-width=\"1.5\" stroke-linejoin=\"round\"\/>\n                            <\/svg>\n                        <\/div>\n                    <\/a>\n                <\/div>\n                        <\/div>\n            <\/div>\n<\/div><div class=\"col-md-6 col-12 small-teasers-section__col\">\n    <div class=\"small-teaser yellow   \">\n        <div class=\"small-teaser__pic yellow\">\n            <img decoding=\"async\" class=\"small-teaser__image img-fluid\" data-attachment-id=\"15999\" src=\"https:\/\/www.jobcenterkoeln.de\/wp-content\/uploads\/2020\/11\/icon_weiter_dunkelgrau.svg\" srcset=\"\" sizes=\"100vw\" alt=\"\" \/>\n        <\/div>\n                    <div class=\"small-teaser__body \">\n                                    <p class=\"small-teaser__heading card-title s-heading\">\n                        Bildung und Teilhabe                    <\/p>\n                                        <div class=\"small-teaser__description\"><p>Wenn Sie Geld f\u00fcr zum Beispiel die Schule \/ KiTa Ihrer Kinder brauchen, k\u00f6nnen Sie bei der Stadt K\u00f6ln einen Antrag auf Leistungen von Bildung und Teilhabe stellen.<\/p>\n<\/div>\n                                <\/div>\n                            <a href=\"http:\/\/www.stadt-koeln.de\/leben-in-koeln\/bildung-und-schule\/bildungspaket\/\" target=\"_blank\" class=\" small-teaser__arrow yellow stretched-link\" aria-label=\"Antr\u00e4ge f\u00fcr Leistungen von Bildung und Teilhabe\">\n                    <svg class=\"yellow\" width=\"15\" height=\"16\" viewBox=\"0 0 15 16\" fill=\"none\" xmlns=\"http:\/\/www.w3.org\/2000\/svg\">\n                        <path d=\"M0 8H14\" stroke=\"white\" stroke-width=\"1.5\" stroke-linejoin=\"round\"\/>\n                        <path d=\"M7 1L14 8L7 15\" stroke=\"white\" stroke-width=\"1.5\" stroke-linejoin=\"round\"\/>\n                    <\/svg>\n                <\/a>\n                    <\/div>\n<\/div>        <\/div>\n    <\/div>\n<\/section>\n\n\n<section class=\"small-teasers-section\" >\n    <div class=\"container\">\n        <div class=\"row pt-3\">\n        <div class=\"col-md-6 col-12 small-teasers-section__col\">\n    <div class=\"small-teaser yellow   \">\n        <div class=\"small-teaser__pic yellow\">\n            <img decoding=\"async\" class=\"small-teaser__image img-fluid\" data-attachment-id=\"15999\" src=\"https:\/\/www.jobcenterkoeln.de\/wp-content\/uploads\/2020\/11\/icon_weiter_dunkelgrau.svg\" srcset=\"\" sizes=\"100vw\" alt=\"\" \/>\n        <\/div>\n                    <div class=\"small-teaser__body \">\n                                    <p class=\"small-teaser__heading card-title s-heading\">\n                        Anlagen und Ausf\u00fcllhinweise                    <\/p>\n                                        <div class=\"small-teaser__description\"><p>Alle Anlagen und Ausf\u00fcllhinweise zu den Antr\u00e4gen finden Sie bei der Agentur f\u00fcr Arbeit.<\/p>\n<\/div>\n                                <\/div>\n                            <a href=\"https:\/\/www.arbeitsagentur.de\/arbeitslos-arbeit-finden\/download-center-arbeitslos#1478809808529\" target=\"_blank\" class=\" small-teaser__arrow yellow stretched-link\" aria-label=\"Formulare und Ausf\u00fcllhilfen\">\n                    <svg class=\"yellow\" width=\"15\" height=\"16\" viewBox=\"0 0 15 16\" fill=\"none\" xmlns=\"http:\/\/www.w3.org\/2000\/svg\">\n                        <path d=\"M0 8H14\" stroke=\"white\" stroke-width=\"1.5\" stroke-linejoin=\"round\"\/>\n                        <path d=\"M7 1L14 8L7 15\" stroke=\"white\" stroke-width=\"1.5\" stroke-linejoin=\"round\"\/>\n                    <\/svg>\n                <\/a>\n                    <\/div>\n<\/div>        <\/div>\n    <\/div>\n<\/section>\n\n\r\n<div class=\"space\"><\/div>\n\n    <h3 class=\"m-heading text-left container\" id=\"vorlagen\">Vorlagen<\/h3>\r\n    \n\n    <div class=\"hp-paragraph container \"><p>Die Vorlagen, die Sie hier herunterladen k\u00f6nnen, sind eine Hilfe. Sie m\u00fcssen diese aber nicht benutzen. Sie k\u00f6nnen Ihr Anliegen auch anders bei uns einreichen. Wenn Sie Fragen zu einer Vorlage haben, rufen Sie uns an.<\/p>\n<\/div>\n\n\n\n<section class=\"small-teasers-section\" >\n    <div class=\"container\">\n        <div class=\"row pt-3\">\n        <div class=\" col-12 small-teasers-section__col\">\n    <div class=\"small-teaser sky-blue small-teaser--download small-teaser--fullwidth \">\n        <div class=\"small-teaser__pic sky-blue\">\n            <img decoding=\"async\" class=\"small-teaser__image img-fluid\" data-attachment-id=\"15859\" src=\"https:\/\/www.jobcenterkoeln.de\/wp-content\/uploads\/2020\/11\/icon_download_hellblau_circle.svg\" srcset=\"\" sizes=\"100vw\" alt=\"\" \/>\n        <\/div>\n                <div class=\"small-teaser__body-wrap\">\n                    <div class=\"small-teaser__body small-teaser__body--margin\">\n                                    <p class=\"small-teaser__heading card-title s-heading\">\n                        Vollmacht                    <\/p>\n                                        <div class=\"small-teaser__description\"><p>Wenn Sie zum Beispiel jemand anderen f\u00fcr sich zum Jobcenter schicken wollen, braucht das Jobcenter eine Vollmacht. Damit wir wissen, dass Sie einverstanden sind, dass wir mit dieser Person \u00fcber Ihre Situation sprechen d\u00fcrfen.<\/p>\n<\/div>\n                                <\/div>\n                            <div class=\"small-teaser__button-wrap\">\n                    <a href=\"https:\/\/www.jobcenterkoeln.de\/wp-content\/uploads\/2023\/01\/Vorlage-Vollmacht_Erganzung-2022_Formular.pdf\" target=\"_blank\" class=\" small-teaser__link stretched-link\">\n                        <span class=\"small-teaser__link-text\">\n                            Vorlage Vollmacht (PDF)                        <\/span>\n                        <div class=\"small-teaser__link-arrow sky-blue\">\n                            <svg class=\"sky-blue\" width=\"15\" height=\"16\" viewBox=\"0 0 15 16\" fill=\"none\" xmlns=\"http:\/\/www.w3.org\/2000\/svg\">\n                                <path d=\"M0 8H14\" stroke=\"white\" stroke-width=\"1.5\" stroke-linejoin=\"round\"\/>\n                                <path d=\"M7 1L14 8L7 15\" stroke=\"white\" stroke-width=\"1.5\" stroke-linejoin=\"round\"\/>\n                            <\/svg>\n                        <\/div>\n                    <\/a>\n                <\/div>\n                        <\/div>\n            <\/div>\n<\/div>        <\/div>\n    <\/div>\n<\/section>\n\n\r\n<div class=\"space\"><\/div>\n\n    <h3 class=\"m-heading text-left container\" id=\"\">Informationen<\/h3>\r\n    \n\n    <div class=\"hp-paragraph container \"><p>Hier finden Sie allgemeine Informationen zum B\u00fcrgergeld (Grundsicherung) und Antworten auf die h\u00e4ufigsten Fragen.<\/p>\n<\/div>\n\n\n\n<section class=\"small-teasers-section\" >\n    <div class=\"container\">\n        <div class=\"row pt-3\">\n        <div class=\"col-md-6 col-12 small-teasers-section__col\">\n    <div class=\"small-teaser sky-blue   \">\n        <div class=\"small-teaser__pic sky-blue\">\n            <img decoding=\"async\" class=\"small-teaser__image img-fluid\" data-attachment-id=\"15818\" src=\"https:\/\/www.jobcenterkoeln.de\/wp-content\/uploads\/2020\/11\/icon_weiter_hellblau.svg\" srcset=\"\" sizes=\"100vw\" alt=\"\" \/>\n        <\/div>\n                    <div class=\"small-teaser__body \">\n                                    <p class=\"small-teaser__heading card-title s-heading\">\n                        Brosch\u00fcre:\u00a0Einfach erkl\u00e4rt \u2013 Grundsicherung f\u00fcr Arbeitslose                    <\/p>\n                                        <div class=\"small-teaser__description\"><p>Die Brosch\u00fcre (PDF) erkl\u00e4rt die wichtigsten Begriffe rund um die Grundsicherung.<\/p>\n<\/div>\n                                <\/div>\n                            <a href=\"https:\/\/www.arbeitsagentur.de\/datei\/grundsicherung-einfach-erklaer_ba021963.pdf\" target=\"_blank\" class=\" small-teaser__arrow sky-blue stretched-link\" aria-label=\"Brosch\u00fcre ansehen (PDF)\">\n                    <svg class=\"sky-blue\" width=\"15\" height=\"16\" viewBox=\"0 0 15 16\" fill=\"none\" xmlns=\"http:\/\/www.w3.org\/2000\/svg\">\n                        <path d=\"M0 8H14\" stroke=\"white\" stroke-width=\"1.5\" stroke-linejoin=\"round\"\/>\n                        <path d=\"M7 1L14 8L7 15\" stroke=\"white\" stroke-width=\"1.5\" stroke-linejoin=\"round\"\/>\n                    <\/svg>\n                <\/a>\n                    <\/div>\n<\/div>        <\/div>\n    <\/div>\n<\/section>\n\n\r\n<div class=\"space\"><\/div>","protected":false},"excerpt":{"rendered":"","protected":false},"author":139,"featured_media":0,"parent":0,"menu_order":0,"comment_status":"closed","ping_status":"closed","template":"","meta":{"_acf_changed":false,"footnotes":""},"folder":[],"class_list":["post-16439","page","type-page","status-publish","hentry"],"acf":[],"yoast_head":"<!-- This site is optimized with the Yoast SEO Premium plugin v26.9 (Yoast SEO v26.9) - https:\/\/yoast.com\/product\/yoast-seo-premium-wordpress\/ -->\n<title>Downloads - Jobcenter K\u00f6ln<\/title>\n<meta name=\"description\" content=\"Jobcenter K\u00f6ln - Antrag herunterladen - Formular Download - Flyer und Brosch\u00fcren - Infos zu Angeboten - Links zu Arbeitslosengeld II\" \/>\n<meta name=\"robots\" content=\"index, follow, max-snippet:-1, max-image-preview:large, max-video-preview:-1\" \/>\n<link rel=\"canonical\" href=\"https:\/\/www.jobcenterkoeln.de\/de_APP\/downloads\/\" \/>\n<meta property=\"og:locale\" content=\"de_DE\" \/>\n<meta property=\"og:type\" content=\"article\" \/>\n<meta property=\"og:title\" content=\"Downloads\" \/>\n<meta property=\"og:description\" content=\"Jobcenter K\u00f6ln - Antrag herunterladen - Formular Download - Flyer und Brosch\u00fcren - Infos zu Angeboten - Links zu Arbeitslosengeld II\" \/>\n<meta property=\"og:url\" content=\"https:\/\/www.jobcenterkoeln.de\/de_APP\/downloads\/\" \/>\n<meta property=\"og:site_name\" content=\"Jobcenter K\u00f6ln\" \/>\n<meta property=\"article:publisher\" content=\"https:\/\/www.facebook.com\/jobcenterkoeln\" \/>\n<meta property=\"article:modified_time\" content=\"2024-01-09T09:10:25+00:00\" \/>\n<meta name=\"twitter:card\" content=\"summary_large_image\" \/>\n<meta name=\"twitter:label1\" content=\"Est. reading time\" \/>\n\t<meta name=\"twitter:data1\" content=\"3 minutes\" \/>\n<script type=\"application\/ld+json\" class=\"yoast-schema-graph\">{\"@context\":\"https:\/\/schema.org\",\"@graph\":[{\"@type\":\"WebPage\",\"@id\":\"https:\/\/www.jobcenterkoeln.de\/de_APP\/downloads\/\",\"url\":\"https:\/\/www.jobcenterkoeln.de\/de_APP\/downloads\/\",\"name\":\"Downloads - Jobcenter K\u00f6ln\",\"isPartOf\":{\"@id\":\"https:\/\/www.jobcenterkoeln.de\/de_APP\/#website\"},\"datePublished\":\"2020-11-15T16:26:01+00:00\",\"dateModified\":\"2024-01-09T09:10:25+00:00\",\"description\":\"Jobcenter K\u00f6ln - Antrag herunterladen - Formular Download - Flyer und Brosch\u00fcren - Infos zu Angeboten - Links zu Arbeitslosengeld II\",\"breadcrumb\":{\"@id\":\"https:\/\/www.jobcenterkoeln.de\/de_APP\/downloads\/#breadcrumb\"},\"inLanguage\":\"de-APP\",\"potentialAction\":[{\"@type\":\"ReadAction\",\"target\":[\"https:\/\/www.jobcenterkoeln.de\/de_APP\/downloads\/\"]}]},{\"@type\":\"BreadcrumbList\",\"@id\":\"https:\/\/www.jobcenterkoeln.de\/de_APP\/downloads\/#breadcrumb\",\"itemListElement\":[{\"@type\":\"ListItem\",\"position\":1,\"name\":\"Home\",\"item\":\"https:\/\/www.jobcenterkoeln.de\/de_APP\/\"},{\"@type\":\"ListItem\",\"position\":2,\"name\":\"Downloads\"}]},{\"@type\":\"WebSite\",\"@id\":\"https:\/\/www.jobcenterkoeln.de\/de_APP\/#website\",\"url\":\"https:\/\/www.jobcenterkoeln.de\/de_APP\/\",\"name\":\"Jobcenter K\u00f6ln\",\"description\":\"\",\"publisher\":{\"@id\":\"https:\/\/www.jobcenterkoeln.de\/de_APP\/#organization\"},\"potentialAction\":[{\"@type\":\"SearchAction\",\"target\":{\"@type\":\"EntryPoint\",\"urlTemplate\":\"https:\/\/www.jobcenterkoeln.de\/de_APP\/?s={search_term_string}\"},\"query-input\":{\"@type\":\"PropertyValueSpecification\",\"valueRequired\":true,\"valueName\":\"search_term_string\"}}],\"inLanguage\":\"de-APP\"},{\"@type\":\"Organization\",\"@id\":\"https:\/\/www.jobcenterkoeln.de\/de_APP\/#organization\",\"name\":\"Jobcenter K\u00f6ln\",\"url\":\"https:\/\/www.jobcenterkoeln.de\/de_APP\/\",\"logo\":{\"@type\":\"ImageObject\",\"inLanguage\":\"de-APP\",\"@id\":\"https:\/\/www.jobcenterkoeln.de\/de_APP\/#\/schema\/logo\/image\/\",\"url\":\"\",\"contentUrl\":\"\",\"caption\":\"Jobcenter K\u00f6ln\"},\"image\":{\"@id\":\"https:\/\/www.jobcenterkoeln.de\/de_APP\/#\/schema\/logo\/image\/\"},\"sameAs\":[\"https:\/\/www.facebook.com\/jobcenterkoeln\",\"https:\/\/www.youtube.com\/channel\/UCYRuht_ePRSHEkGxLmTjr0Q\"]}]}<\/script>\n<!-- \/ Yoast SEO Premium plugin. -->","yoast_head_json":{"title":"Downloads - Jobcenter K\u00f6ln","description":"Jobcenter K\u00f6ln - Antrag herunterladen - Formular Download - Flyer und Brosch\u00fcren - Infos zu Angeboten - Links zu Arbeitslosengeld II","robots":{"index":"index","follow":"follow","max-snippet":"max-snippet:-1","max-image-preview":"max-image-preview:large","max-video-preview":"max-video-preview:-1"},"canonical":"https:\/\/www.jobcenterkoeln.de\/de_APP\/downloads\/","og_locale":"de_DE","og_type":"article","og_title":"Downloads","og_description":"Jobcenter K\u00f6ln - Antrag herunterladen - Formular Download - Flyer und Brosch\u00fcren - Infos zu Angeboten - Links zu Arbeitslosengeld II","og_url":"https:\/\/www.jobcenterkoeln.de\/de_APP\/downloads\/","og_site_name":"Jobcenter K\u00f6ln","article_publisher":"https:\/\/www.facebook.com\/jobcenterkoeln","article_modified_time":"2024-01-09T09:10:25+00:00","twitter_card":"summary_large_image","twitter_misc":{"Est. reading time":"3 minutes"},"schema":{"@context":"https:\/\/schema.org","@graph":[{"@type":"WebPage","@id":"https:\/\/www.jobcenterkoeln.de\/de_APP\/downloads\/","url":"https:\/\/www.jobcenterkoeln.de\/de_APP\/downloads\/","name":"Downloads - Jobcenter K\u00f6ln","isPartOf":{"@id":"https:\/\/www.jobcenterkoeln.de\/de_APP\/#website"},"datePublished":"2020-11-15T16:26:01+00:00","dateModified":"2024-01-09T09:10:25+00:00","description":"Jobcenter K\u00f6ln - Antrag herunterladen - Formular Download - Flyer und Brosch\u00fcren - Infos zu Angeboten - Links zu Arbeitslosengeld II","breadcrumb":{"@id":"https:\/\/www.jobcenterkoeln.de\/de_APP\/downloads\/#breadcrumb"},"inLanguage":"de-APP","potentialAction":[{"@type":"ReadAction","target":["https:\/\/www.jobcenterkoeln.de\/de_APP\/downloads\/"]}]},{"@type":"BreadcrumbList","@id":"https:\/\/www.jobcenterkoeln.de\/de_APP\/downloads\/#breadcrumb","itemListElement":[{"@type":"ListItem","position":1,"name":"Home","item":"https:\/\/www.jobcenterkoeln.de\/de_APP\/"},{"@type":"ListItem","position":2,"name":"Downloads"}]},{"@type":"WebSite","@id":"https:\/\/www.jobcenterkoeln.de\/de_APP\/#website","url":"https:\/\/www.jobcenterkoeln.de\/de_APP\/","name":"Jobcenter K\u00f6ln","description":"","publisher":{"@id":"https:\/\/www.jobcenterkoeln.de\/de_APP\/#organization"},"potentialAction":[{"@type":"SearchAction","target":{"@type":"EntryPoint","urlTemplate":"https:\/\/www.jobcenterkoeln.de\/de_APP\/?s={search_term_string}"},"query-input":{"@type":"PropertyValueSpecification","valueRequired":true,"valueName":"search_term_string"}}],"inLanguage":"de-APP"},{"@type":"Organization","@id":"https:\/\/www.jobcenterkoeln.de\/de_APP\/#organization","name":"Jobcenter K\u00f6ln","url":"https:\/\/www.jobcenterkoeln.de\/de_APP\/","logo":{"@type":"ImageObject","inLanguage":"de-APP","@id":"https:\/\/www.jobcenterkoeln.de\/de_APP\/#\/schema\/logo\/image\/","url":"","contentUrl":"","caption":"Jobcenter K\u00f6ln"},"image":{"@id":"https:\/\/www.jobcenterkoeln.de\/de_APP\/#\/schema\/logo\/image\/"},"sameAs":["https:\/\/www.facebook.com\/jobcenterkoeln","https:\/\/www.youtube.com\/channel\/UCYRuht_ePRSHEkGxLmTjr0Q"]}]}},"_links":{"self":[{"href":"https:\/\/www.jobcenterkoeln.de\/de_APP\/wp-json\/wp\/v2\/pages\/16439","targetHints":{"allow":["GET"]}}],"collection":[{"href":"https:\/\/www.jobcenterkoeln.de\/de_APP\/wp-json\/wp\/v2\/pages"}],"about":[{"href":"https:\/\/www.jobcenterkoeln.de\/de_APP\/wp-json\/wp\/v2\/types\/page"}],"author":[{"embeddable":true,"href":"https:\/\/www.jobcenterkoeln.de\/de_APP\/wp-json\/wp\/v2\/users\/139"}],"replies":[{"embeddable":true,"href":"https:\/\/www.jobcenterkoeln.de\/de_APP\/wp-json\/wp\/v2\/comments?post=16439"}],"version-history":[{"count":24,"href":"https:\/\/www.jobcenterkoeln.de\/de_APP\/wp-json\/wp\/v2\/pages\/16439\/revisions"}],"predecessor-version":[{"id":25376,"href":"https:\/\/www.jobcenterkoeln.de\/de_APP\/wp-json\/wp\/v2\/pages\/16439\/revisions\/25376"}],"wp:attachment":[{"href":"https:\/\/www.jobcenterkoeln.de\/de_APP\/wp-json\/wp\/v2\/media?parent=16439"}],"wp:term":[{"taxonomy":"folder","embeddable":true,"href":"https:\/\/www.jobcenterkoeln.de\/de_APP\/wp-json\/wp\/v2\/folder?post=16439"}],"curies":[{"name":"wp","href":"https:\/\/api.w.org\/{rel}","templated":true}]}}