{"id":16452,"date":"2020-10-28T14:45:49","date_gmt":"2020-10-28T14:45:49","guid":{"rendered":"https:\/\/www.jobcenterkoeln.de\/?page_id=16452"},"modified":"2024-03-08T10:01:29","modified_gmt":"2024-03-08T09:01:29","slug":"bescheid-verstehen","status":"publish","type":"page","link":"https:\/\/www.jobcenterkoeln.de\/de_APP\/bescheid-verstehen\/","title":{"rendered":"Bescheid verstehen"},"content":{"rendered":"<div class=\"section content-section text_only\" >\n    <div class=\"container\">\n        <div class=\"content-module yellow  content-module--text_only\">\n            <div class=\"content-module__wrap\">\n                                    <div class=\"content-module__content text_only col_1\">\n                        <div class=\"content-module__text \">\n                            <p>Wenn Sie Anspruch auf B\u00fcrgergeld vom Jobcenter haben, bekommen Sie per Post einen Bewilligungs-Bescheid zugeschickt. Darin steht, wie viel Geld Sie erhalten und wie lange Sie das Geld bekommen.<\/p>\n<p>Damit der Bewilligungs-Bescheid den Gesetzen entspricht, m\u00fcssen viele rechtliche Erkl\u00e4rungen darin stehen.<br \/>\nEs m\u00fcssen auch alle Entscheidungen erkl\u00e4rt werden. Und es muss erkl\u00e4rt werden, wie die H\u00f6he des Geldes ausgerechnet wurde. Dadurch wird der Bescheid sehr lang.<\/p>\n<p>Es gibt Hilfen, wie Sie den Bescheid verstehen k\u00f6nnen.<\/p>\n                        <\/div>\n                                            <\/div>\n                                <\/div>\n        <\/div>\n    <\/div>\n<\/div>\n\n\n<section class=\"small-teasers-section\" >\n    <div class=\"container\">\n        <div class=\"row pt-3\">\n        <div class=\"col-md-6 col-12 small-teasers-section__col\">\n    <div class=\"small-teaser yellow   \">\n        <div class=\"small-teaser__pic yellow\">\n            <img decoding=\"async\" class=\"small-teaser__image img-fluid\" data-attachment-id=\"15815\" src=\"https:\/\/www.jobcenterkoeln.de\/wp-content\/uploads\/2020\/11\/icon_weiter_gelb.svg\" srcset=\"\" sizes=\"100vw\" alt=\"\" \/>\n        <\/div>\n                    <div class=\"small-teaser__body \">\n                                    <p class=\"small-teaser__heading card-title s-heading\">\n                        Infos zum B\u00fcrgergeld-Antrag und zum B\u00fcrgergeld-Bescheid                    <\/p>\n                                        <div class=\"small-teaser__description\"><p>Auf der Seite der Arbeitsagentur finden Sie Informationen, wie Sie einen Bescheid verstehen und wie Sie ihn \u00fcberpr\u00fcfen k\u00f6nnen.<\/p>\n<\/div>\n                                <\/div>\n                            <a href=\"https:\/\/www.arbeitsagentur.de\/arbeitslos-arbeit-finden\/buergergeld\/finanziell-absichern\/antrag-bescheid\" target=\"_blank\" class=\" small-teaser__arrow yellow stretched-link\" aria-label=\"Informationen zum B\u00fcrgergeld-Bescheid\">\n                    <svg class=\"yellow\" width=\"15\" height=\"16\" viewBox=\"0 0 15 16\" fill=\"none\" xmlns=\"http:\/\/www.w3.org\/2000\/svg\">\n                        <path d=\"M0 8H14\" stroke=\"white\" stroke-width=\"1.5\" stroke-linejoin=\"round\"\/>\n                        <path d=\"M7 1L14 8L7 15\" stroke=\"white\" stroke-width=\"1.5\" stroke-linejoin=\"round\"\/>\n                    <\/svg>\n                <\/a>\n                    <\/div>\n<\/div>        <\/div>\n    <\/div>\n<\/section>","protected":false},"excerpt":{"rendered":"","protected":false},"author":139,"featured_media":0,"parent":0,"menu_order":0,"comment_status":"closed","ping_status":"closed","template":"","meta":{"_acf_changed":false,"footnotes":""},"folder":[],"class_list":["post-16452","page","type-page","status-publish","hentry"],"acf":[],"yoast_head":"<!-- This site is optimized with the Yoast SEO Premium plugin v26.9 (Yoast SEO v26.9) - https:\/\/yoast.com\/product\/yoast-seo-premium-wordpress\/ -->\n<title>Bescheid verstehen - Jobcenter K\u00f6ln<\/title>\n<meta name=\"description\" content=\"Jobcenter K\u00f6ln - Bescheid f\u00fcr Arbeitslosengeld II verstehen. Was steht im Bescheid vom Jobcenter? Video zum Bewilligungs-Bescheid ansehen.\" \/>\n<meta name=\"robots\" content=\"index, follow, max-snippet:-1, max-image-preview:large, max-video-preview:-1\" \/>\n<link rel=\"canonical\" href=\"https:\/\/www.jobcenterkoeln.de\/de_APP\/bescheid-verstehen\/\" \/>\n<meta property=\"og:locale\" content=\"de_DE\" \/>\n<meta property=\"og:type\" content=\"article\" \/>\n<meta property=\"og:title\" content=\"Bescheid verstehen\" \/>\n<meta property=\"og:description\" content=\"Jobcenter K\u00f6ln - Bescheid f\u00fcr Arbeitslosengeld II verstehen. Was steht im Bescheid vom Jobcenter? Video zum Bewilligungs-Bescheid ansehen.\" \/>\n<meta property=\"og:url\" content=\"https:\/\/www.jobcenterkoeln.de\/de_APP\/bescheid-verstehen\/\" \/>\n<meta property=\"og:site_name\" content=\"Jobcenter K\u00f6ln\" \/>\n<meta property=\"article:publisher\" content=\"https:\/\/www.facebook.com\/jobcenterkoeln\" \/>\n<meta property=\"article:modified_time\" content=\"2024-03-08T09:01:29+00:00\" \/>\n<meta name=\"twitter:card\" content=\"summary_large_image\" \/>\n<meta name=\"twitter:label1\" content=\"Est. reading time\" \/>\n\t<meta name=\"twitter:data1\" content=\"1 minute\" \/>\n<script type=\"application\/ld+json\" class=\"yoast-schema-graph\">{\"@context\":\"https:\/\/schema.org\",\"@graph\":[{\"@type\":\"WebPage\",\"@id\":\"https:\/\/www.jobcenterkoeln.de\/de_APP\/bescheid-verstehen\/\",\"url\":\"https:\/\/www.jobcenterkoeln.de\/de_APP\/bescheid-verstehen\/\",\"name\":\"Bescheid verstehen - Jobcenter K\u00f6ln\",\"isPartOf\":{\"@id\":\"https:\/\/www.jobcenterkoeln.de\/de_APP\/#website\"},\"datePublished\":\"2020-10-28T14:45:49+00:00\",\"dateModified\":\"2024-03-08T09:01:29+00:00\",\"description\":\"Jobcenter K\u00f6ln - Bescheid f\u00fcr Arbeitslosengeld II verstehen. Was steht im Bescheid vom Jobcenter? Video zum Bewilligungs-Bescheid ansehen.\",\"breadcrumb\":{\"@id\":\"https:\/\/www.jobcenterkoeln.de\/de_APP\/bescheid-verstehen\/#breadcrumb\"},\"inLanguage\":\"de-APP\",\"potentialAction\":[{\"@type\":\"ReadAction\",\"target\":[\"https:\/\/www.jobcenterkoeln.de\/de_APP\/bescheid-verstehen\/\"]}]},{\"@type\":\"BreadcrumbList\",\"@id\":\"https:\/\/www.jobcenterkoeln.de\/de_APP\/bescheid-verstehen\/#breadcrumb\",\"itemListElement\":[{\"@type\":\"ListItem\",\"position\":1,\"name\":\"Home\",\"item\":\"https:\/\/www.jobcenterkoeln.de\/de_APP\/\"},{\"@type\":\"ListItem\",\"position\":2,\"name\":\"Bescheid verstehen\"}]},{\"@type\":\"WebSite\",\"@id\":\"https:\/\/www.jobcenterkoeln.de\/de_APP\/#website\",\"url\":\"https:\/\/www.jobcenterkoeln.de\/de_APP\/\",\"name\":\"Jobcenter K\u00f6ln\",\"description\":\"\",\"publisher\":{\"@id\":\"https:\/\/www.jobcenterkoeln.de\/de_APP\/#organization\"},\"potentialAction\":[{\"@type\":\"SearchAction\",\"target\":{\"@type\":\"EntryPoint\",\"urlTemplate\":\"https:\/\/www.jobcenterkoeln.de\/de_APP\/?s={search_term_string}\"},\"query-input\":{\"@type\":\"PropertyValueSpecification\",\"valueRequired\":true,\"valueName\":\"search_term_string\"}}],\"inLanguage\":\"de-APP\"},{\"@type\":\"Organization\",\"@id\":\"https:\/\/www.jobcenterkoeln.de\/de_APP\/#organization\",\"name\":\"Jobcenter K\u00f6ln\",\"url\":\"https:\/\/www.jobcenterkoeln.de\/de_APP\/\",\"logo\":{\"@type\":\"ImageObject\",\"inLanguage\":\"de-APP\",\"@id\":\"https:\/\/www.jobcenterkoeln.de\/de_APP\/#\/schema\/logo\/image\/\",\"url\":\"\",\"contentUrl\":\"\",\"caption\":\"Jobcenter K\u00f6ln\"},\"image\":{\"@id\":\"https:\/\/www.jobcenterkoeln.de\/de_APP\/#\/schema\/logo\/image\/\"},\"sameAs\":[\"https:\/\/www.facebook.com\/jobcenterkoeln\",\"https:\/\/www.youtube.com\/channel\/UCYRuht_ePRSHEkGxLmTjr0Q\"]}]}<\/script>\n<!-- \/ Yoast SEO Premium plugin. -->","yoast_head_json":{"title":"Bescheid verstehen - Jobcenter K\u00f6ln","description":"Jobcenter K\u00f6ln - Bescheid f\u00fcr Arbeitslosengeld II verstehen. Was steht im Bescheid vom Jobcenter? Video zum Bewilligungs-Bescheid ansehen.","robots":{"index":"index","follow":"follow","max-snippet":"max-snippet:-1","max-image-preview":"max-image-preview:large","max-video-preview":"max-video-preview:-1"},"canonical":"https:\/\/www.jobcenterkoeln.de\/de_APP\/bescheid-verstehen\/","og_locale":"de_DE","og_type":"article","og_title":"Bescheid verstehen","og_description":"Jobcenter K\u00f6ln - Bescheid f\u00fcr Arbeitslosengeld II verstehen. Was steht im Bescheid vom Jobcenter? Video zum Bewilligungs-Bescheid ansehen.","og_url":"https:\/\/www.jobcenterkoeln.de\/de_APP\/bescheid-verstehen\/","og_site_name":"Jobcenter K\u00f6ln","article_publisher":"https:\/\/www.facebook.com\/jobcenterkoeln","article_modified_time":"2024-03-08T09:01:29+00:00","twitter_card":"summary_large_image","twitter_misc":{"Est. reading time":"1 minute"},"schema":{"@context":"https:\/\/schema.org","@graph":[{"@type":"WebPage","@id":"https:\/\/www.jobcenterkoeln.de\/de_APP\/bescheid-verstehen\/","url":"https:\/\/www.jobcenterkoeln.de\/de_APP\/bescheid-verstehen\/","name":"Bescheid verstehen - Jobcenter K\u00f6ln","isPartOf":{"@id":"https:\/\/www.jobcenterkoeln.de\/de_APP\/#website"},"datePublished":"2020-10-28T14:45:49+00:00","dateModified":"2024-03-08T09:01:29+00:00","description":"Jobcenter K\u00f6ln - Bescheid f\u00fcr Arbeitslosengeld II verstehen. Was steht im Bescheid vom Jobcenter? Video zum Bewilligungs-Bescheid ansehen.","breadcrumb":{"@id":"https:\/\/www.jobcenterkoeln.de\/de_APP\/bescheid-verstehen\/#breadcrumb"},"inLanguage":"de-APP","potentialAction":[{"@type":"ReadAction","target":["https:\/\/www.jobcenterkoeln.de\/de_APP\/bescheid-verstehen\/"]}]},{"@type":"BreadcrumbList","@id":"https:\/\/www.jobcenterkoeln.de\/de_APP\/bescheid-verstehen\/#breadcrumb","itemListElement":[{"@type":"ListItem","position":1,"name":"Home","item":"https:\/\/www.jobcenterkoeln.de\/de_APP\/"},{"@type":"ListItem","position":2,"name":"Bescheid verstehen"}]},{"@type":"WebSite","@id":"https:\/\/www.jobcenterkoeln.de\/de_APP\/#website","url":"https:\/\/www.jobcenterkoeln.de\/de_APP\/","name":"Jobcenter K\u00f6ln","description":"","publisher":{"@id":"https:\/\/www.jobcenterkoeln.de\/de_APP\/#organization"},"potentialAction":[{"@type":"SearchAction","target":{"@type":"EntryPoint","urlTemplate":"https:\/\/www.jobcenterkoeln.de\/de_APP\/?s={search_term_string}"},"query-input":{"@type":"PropertyValueSpecification","valueRequired":true,"valueName":"search_term_string"}}],"inLanguage":"de-APP"},{"@type":"Organization","@id":"https:\/\/www.jobcenterkoeln.de\/de_APP\/#organization","name":"Jobcenter K\u00f6ln","url":"https:\/\/www.jobcenterkoeln.de\/de_APP\/","logo":{"@type":"ImageObject","inLanguage":"de-APP","@id":"https:\/\/www.jobcenterkoeln.de\/de_APP\/#\/schema\/logo\/image\/","url":"","contentUrl":"","caption":"Jobcenter K\u00f6ln"},"image":{"@id":"https:\/\/www.jobcenterkoeln.de\/de_APP\/#\/schema\/logo\/image\/"},"sameAs":["https:\/\/www.facebook.com\/jobcenterkoeln","https:\/\/www.youtube.com\/channel\/UCYRuht_ePRSHEkGxLmTjr0Q"]}]}},"_links":{"self":[{"href":"https:\/\/www.jobcenterkoeln.de\/de_APP\/wp-json\/wp\/v2\/pages\/16452","targetHints":{"allow":["GET"]}}],"collection":[{"href":"https:\/\/www.jobcenterkoeln.de\/de_APP\/wp-json\/wp\/v2\/pages"}],"about":[{"href":"https:\/\/www.jobcenterkoeln.de\/de_APP\/wp-json\/wp\/v2\/types\/page"}],"author":[{"embeddable":true,"href":"https:\/\/www.jobcenterkoeln.de\/de_APP\/wp-json\/wp\/v2\/users\/139"}],"replies":[{"embeddable":true,"href":"https:\/\/www.jobcenterkoeln.de\/de_APP\/wp-json\/wp\/v2\/comments?post=16452"}],"version-history":[{"count":4,"href":"https:\/\/www.jobcenterkoeln.de\/de_APP\/wp-json\/wp\/v2\/pages\/16452\/revisions"}],"predecessor-version":[{"id":27294,"href":"https:\/\/www.jobcenterkoeln.de\/de_APP\/wp-json\/wp\/v2\/pages\/16452\/revisions\/27294"}],"wp:attachment":[{"href":"https:\/\/www.jobcenterkoeln.de\/de_APP\/wp-json\/wp\/v2\/media?parent=16452"}],"wp:term":[{"taxonomy":"folder","embeddable":true,"href":"https:\/\/www.jobcenterkoeln.de\/de_APP\/wp-json\/wp\/v2\/folder?post=16452"}],"curies":[{"name":"wp","href":"https:\/\/api.w.org\/{rel}","templated":true}]}}