{"id":19739,"date":"2022-08-30T14:34:42","date_gmt":"2022-08-30T12:34:42","guid":{"rendered":"https:\/\/www.jobcenterkoeln.de\/?page_id=19739"},"modified":"2024-01-09T12:40:58","modified_gmt":"2024-01-09T11:40:58","slug":"otv","status":"publish","type":"page","link":"https:\/\/www.jobcenterkoeln.de\/de_APP\/online\/otv\/","title":{"rendered":"Online Terminvereinbarung"},"content":{"rendered":"\n<div class=\"section content-section   text-image sky-blue\" id=\"otv\">\n    <div\n        class=\"container  \">\n        <div class=\"row\">\n                        <div class=\"col-12 \">\n\n                <div class=\"text-image__wrap sky-blue\">\n                                        <div class=\"text-image__wrap-single\">\n                        <p>Mit unserer Online Terminvereinbarung k\u00f6nnen Sie ganz einfach einen Termin mit Ihrem Jobcenter K\u00f6ln Standort vereinbaren: Anliegen w\u00e4hlen, Termin aussuchen, Kontaktdaten eingeben, fertig.<\/p>\n<p>Wenn Sie einen Telefontermin buchen, rufen wir Sie zum vereinbarten Zeitpunkt an und versuchen, Ihr Anliegen telefonisch zu kl\u00e4ren. Bei Bedarf vereinbaren wir einen Folgetermin oder senden Ihnen weitere Informationen.<\/p>\n                    <\/div>\n\n                <\/div>\n            <\/div>\n\n                    <\/div>\n    <\/div>\n<\/div>\n\n\n<section class=\"small-teasers-section\" >\n    <div class=\"container\">\n        <div class=\"row pt-3\">\n        <div class=\" col-12 small-teasers-section__col\">\n    <div class=\"small-teaser sky-blue  small-teaser--fullwidth \">\n        <div class=\"small-teaser__pic sky-blue\">\n            <img decoding=\"async\" class=\"small-teaser__image img-fluid\" data-attachment-id=\"15887\" src=\"https:\/\/www.jobcenterkoeln.de\/wp-content\/uploads\/2020\/11\/icon_kalender_hellblau_circle.svg\" srcset=\"\" sizes=\"100vw\" alt=\"\" \/>\n        <\/div>\n                    <div class=\"small-teaser__body \">\n                                    <p class=\"small-teaser__heading card-title s-heading\">\n                        Hier geht&#8217;s zur Terminvereinbarung                    <\/p>\n                                <\/div>\n                            <a href=\"https:\/\/www.jobcenterkoeln.de\/de_APP\/termine\/\" target=\"\" class=\" small-teaser__arrow sky-blue stretched-link\" aria-label=\"Termin\u00advereinbarung\">\n                    <svg class=\"sky-blue\" width=\"15\" height=\"16\" viewBox=\"0 0 15 16\" fill=\"none\" xmlns=\"http:\/\/www.w3.org\/2000\/svg\">\n                        <path d=\"M0 8H14\" stroke=\"white\" stroke-width=\"1.5\" stroke-linejoin=\"round\"\/>\n                        <path d=\"M7 1L14 8L7 15\" stroke=\"white\" stroke-width=\"1.5\" stroke-linejoin=\"round\"\/>\n                    <\/svg>\n                <\/a>\n                    <\/div>\n<\/div>        <\/div>\n    <\/div>\n<\/section>\n\n\n<div class=\"section content-section   text-image \" >\n    <div\n        class=\"container cols-separated \">\n        <div class=\"row\">\n            \n                    <div class=\"col-12 col-lg-4 text-image__triple\">\n                                                <div class=\"text-image__triple-separated\">\n                                                                                        <div class=\"text-image__triple-separated--content\"><p><a href=\"https:\/\/www.jobcenterkoeln.de\/de_APP\/online\/jobcenter-digital\/\"><img decoding=\"async\" class=\"aligncenter\" src=\"https:\/\/www.jobcenterkoeln.de\/wp-content\/uploads\/2022\/08\/jobcenter.digital.png\" alt=\"mehr Infos zu jobcenter.digital\" width=\"250px\" height=\"auto\" \/><\/a><\/p>\n<p style=\"text-align: center;\"><a href=\"https:\/\/www.jobcenterkoeln.de\/de_APP\/online\/jobcenter-digital\/\"><strong>jobcenter.digital<\/strong><\/a><\/p>\n<p style=\"text-align: center;\">Nachrichten ans Jobcenter, Unterlagen schicken, Antr\u00e4ge stellen<\/p>\n<\/div>                                                    <\/div>\n                                            <\/div>\n                    <div class=\"col-12 col-lg-4 text-image__triple\">\n                                                <div class=\"text-image__triple-separated\">\n                                                                                        <div class=\"text-image__triple-separated--content\"><p><a href=\"https:\/\/www.jobcenterkoeln.de\/de_APP\/?page_id=19743\"><img decoding=\"async\" class=\"aligncenter\" src=\"https:\/\/www.jobcenterkoeln.de\/wp-content\/uploads\/2022\/08\/bild_app.png\" alt=\"mehr Infos zu jobcenter.digital\" width=\"250px\" height=\"auto\" \/><\/a><\/p>\n<p style=\"text-align: center;\"><a href=\"https:\/\/www.jobcenterkoeln.de\/de_APP\/?page_id=19743\"><strong>Jobcenter K\u00f6ln App<\/strong><\/a><\/p>\n<p style=\"text-align: center;\">Mit <em>Jobcenter K\u00f6ln mobil<\/em> immer und \u00fcberall flexibel sein<\/p>\n<\/div>                                                     <\/div>\n                                            <\/div>\n                    <div class=\"col-12 col-lg-4 text-image__triple\">\n                                                <div class=\"text-image__triple-separated\">\n                                                                                        <div class=\"text-image__triple-separated--content\"><p><a href=\"https:\/\/www.jobcenterkoeln.de\/de_APP\/online\/\"><img decoding=\"async\" class=\"aligncenter\" src=\"https:\/\/www.jobcenterkoeln.de\/wp-content\/uploads\/2023\/03\/bild_faq.png\" alt=\"Jobcenter K\u00f6ln Online\" width=\"250px\" height=\"auto\" \/><\/a><\/p>\n<p style=\"text-align: center;\"><a href=\"https:\/\/www.jobcenterkoeln.de\/de_APP\/online\/faq\/\"><strong>zu den FAQ<\/strong><\/a><\/p>\n<\/div>                                                     <\/div>\n                                            <\/div>\n\n                            <\/div>\n    <\/div>\n<\/div>","protected":false},"excerpt":{"rendered":"","protected":false},"author":139,"featured_media":0,"parent":16437,"menu_order":0,"comment_status":"closed","ping_status":"closed","template":"","meta":{"_acf_changed":false,"footnotes":""},"folder":[],"class_list":["post-19739","page","type-page","status-publish","hentry"],"acf":[],"yoast_head":"<!-- This site is optimized with the Yoast SEO Premium plugin v26.9 (Yoast SEO v26.9) - https:\/\/yoast.com\/product\/yoast-seo-premium-wordpress\/ -->\n<title>Online Terminvereinbarung - Jobcenter K\u00f6ln<\/title>\n<meta name=\"description\" content=\"eServices im Jobcenter K\u00f6ln: Antrag online ausf\u00fcllen - jobcenter.digital - Weiterbewilligungsantrag - Ver\u00e4nderungsmitteilung\" \/>\n<meta name=\"robots\" content=\"index, follow, max-snippet:-1, max-image-preview:large, max-video-preview:-1\" \/>\n<link rel=\"canonical\" href=\"https:\/\/www.jobcenterkoeln.de\/de_APP\/online\/otv\/\" \/>\n<meta property=\"og:locale\" content=\"de_DE\" \/>\n<meta property=\"og:type\" content=\"article\" \/>\n<meta property=\"og:title\" content=\"Online Terminvereinbarung\" \/>\n<meta property=\"og:description\" content=\"eServices im Jobcenter K\u00f6ln: Antrag online ausf\u00fcllen - jobcenter.digital - Weiterbewilligungsantrag - Ver\u00e4nderungsmitteilung\" \/>\n<meta property=\"og:url\" content=\"https:\/\/www.jobcenterkoeln.de\/de_APP\/online\/otv\/\" \/>\n<meta property=\"og:site_name\" content=\"Jobcenter K\u00f6ln\" \/>\n<meta property=\"article:publisher\" content=\"https:\/\/www.facebook.com\/jobcenterkoeln\" \/>\n<meta property=\"article:modified_time\" content=\"2024-01-09T11:40:58+00:00\" \/>\n<meta name=\"twitter:card\" content=\"summary_large_image\" \/>\n<meta name=\"twitter:label1\" content=\"Est. reading time\" \/>\n\t<meta name=\"twitter:data1\" content=\"2 minutes\" \/>\n<script type=\"application\/ld+json\" class=\"yoast-schema-graph\">{\"@context\":\"https:\/\/schema.org\",\"@graph\":[{\"@type\":\"WebPage\",\"@id\":\"https:\/\/www.jobcenterkoeln.de\/de_APP\/online\/otv\/\",\"url\":\"https:\/\/www.jobcenterkoeln.de\/de_APP\/online\/otv\/\",\"name\":\"Online Terminvereinbarung - Jobcenter K\u00f6ln\",\"isPartOf\":{\"@id\":\"https:\/\/www.jobcenterkoeln.de\/de_APP\/#website\"},\"datePublished\":\"2022-08-30T12:34:42+00:00\",\"dateModified\":\"2024-01-09T11:40:58+00:00\",\"description\":\"eServices im Jobcenter K\u00f6ln: Antrag online ausf\u00fcllen - jobcenter.digital - Weiterbewilligungsantrag - Ver\u00e4nderungsmitteilung\",\"breadcrumb\":{\"@id\":\"https:\/\/www.jobcenterkoeln.de\/de_APP\/online\/otv\/#breadcrumb\"},\"inLanguage\":\"de-APP\",\"potentialAction\":[{\"@type\":\"ReadAction\",\"target\":[\"https:\/\/www.jobcenterkoeln.de\/de_APP\/online\/otv\/\"]}]},{\"@type\":\"BreadcrumbList\",\"@id\":\"https:\/\/www.jobcenterkoeln.de\/de_APP\/online\/otv\/#breadcrumb\",\"itemListElement\":[{\"@type\":\"ListItem\",\"position\":1,\"name\":\"Home\",\"item\":\"https:\/\/www.jobcenterkoeln.de\/de_APP\/\"},{\"@type\":\"ListItem\",\"position\":2,\"name\":\"Online Angebote\",\"item\":\"https:\/\/www.jobcenterkoeln.de\/de_APP\/online\/\"},{\"@type\":\"ListItem\",\"position\":3,\"name\":\"Online Terminvereinbarung\"}]},{\"@type\":\"WebSite\",\"@id\":\"https:\/\/www.jobcenterkoeln.de\/de_APP\/#website\",\"url\":\"https:\/\/www.jobcenterkoeln.de\/de_APP\/\",\"name\":\"Jobcenter K\u00f6ln\",\"description\":\"\",\"publisher\":{\"@id\":\"https:\/\/www.jobcenterkoeln.de\/de_APP\/#organization\"},\"potentialAction\":[{\"@type\":\"SearchAction\",\"target\":{\"@type\":\"EntryPoint\",\"urlTemplate\":\"https:\/\/www.jobcenterkoeln.de\/de_APP\/?s={search_term_string}\"},\"query-input\":{\"@type\":\"PropertyValueSpecification\",\"valueRequired\":true,\"valueName\":\"search_term_string\"}}],\"inLanguage\":\"de-APP\"},{\"@type\":\"Organization\",\"@id\":\"https:\/\/www.jobcenterkoeln.de\/de_APP\/#organization\",\"name\":\"Jobcenter K\u00f6ln\",\"url\":\"https:\/\/www.jobcenterkoeln.de\/de_APP\/\",\"logo\":{\"@type\":\"ImageObject\",\"inLanguage\":\"de-APP\",\"@id\":\"https:\/\/www.jobcenterkoeln.de\/de_APP\/#\/schema\/logo\/image\/\",\"url\":\"\",\"contentUrl\":\"\",\"caption\":\"Jobcenter K\u00f6ln\"},\"image\":{\"@id\":\"https:\/\/www.jobcenterkoeln.de\/de_APP\/#\/schema\/logo\/image\/\"},\"sameAs\":[\"https:\/\/www.facebook.com\/jobcenterkoeln\",\"https:\/\/www.youtube.com\/channel\/UCYRuht_ePRSHEkGxLmTjr0Q\"]}]}<\/script>\n<!-- \/ Yoast SEO Premium plugin. -->","yoast_head_json":{"title":"Online Terminvereinbarung - Jobcenter K\u00f6ln","description":"eServices im Jobcenter K\u00f6ln: Antrag online ausf\u00fcllen - jobcenter.digital - Weiterbewilligungsantrag - Ver\u00e4nderungsmitteilung","robots":{"index":"index","follow":"follow","max-snippet":"max-snippet:-1","max-image-preview":"max-image-preview:large","max-video-preview":"max-video-preview:-1"},"canonical":"https:\/\/www.jobcenterkoeln.de\/de_APP\/online\/otv\/","og_locale":"de_DE","og_type":"article","og_title":"Online Terminvereinbarung","og_description":"eServices im Jobcenter K\u00f6ln: Antrag online ausf\u00fcllen - jobcenter.digital - Weiterbewilligungsantrag - Ver\u00e4nderungsmitteilung","og_url":"https:\/\/www.jobcenterkoeln.de\/de_APP\/online\/otv\/","og_site_name":"Jobcenter K\u00f6ln","article_publisher":"https:\/\/www.facebook.com\/jobcenterkoeln","article_modified_time":"2024-01-09T11:40:58+00:00","twitter_card":"summary_large_image","twitter_misc":{"Est. reading time":"2 minutes"},"schema":{"@context":"https:\/\/schema.org","@graph":[{"@type":"WebPage","@id":"https:\/\/www.jobcenterkoeln.de\/de_APP\/online\/otv\/","url":"https:\/\/www.jobcenterkoeln.de\/de_APP\/online\/otv\/","name":"Online Terminvereinbarung - Jobcenter K\u00f6ln","isPartOf":{"@id":"https:\/\/www.jobcenterkoeln.de\/de_APP\/#website"},"datePublished":"2022-08-30T12:34:42+00:00","dateModified":"2024-01-09T11:40:58+00:00","description":"eServices im Jobcenter K\u00f6ln: Antrag online ausf\u00fcllen - jobcenter.digital - Weiterbewilligungsantrag - Ver\u00e4nderungsmitteilung","breadcrumb":{"@id":"https:\/\/www.jobcenterkoeln.de\/de_APP\/online\/otv\/#breadcrumb"},"inLanguage":"de-APP","potentialAction":[{"@type":"ReadAction","target":["https:\/\/www.jobcenterkoeln.de\/de_APP\/online\/otv\/"]}]},{"@type":"BreadcrumbList","@id":"https:\/\/www.jobcenterkoeln.de\/de_APP\/online\/otv\/#breadcrumb","itemListElement":[{"@type":"ListItem","position":1,"name":"Home","item":"https:\/\/www.jobcenterkoeln.de\/de_APP\/"},{"@type":"ListItem","position":2,"name":"Online Angebote","item":"https:\/\/www.jobcenterkoeln.de\/de_APP\/online\/"},{"@type":"ListItem","position":3,"name":"Online Terminvereinbarung"}]},{"@type":"WebSite","@id":"https:\/\/www.jobcenterkoeln.de\/de_APP\/#website","url":"https:\/\/www.jobcenterkoeln.de\/de_APP\/","name":"Jobcenter K\u00f6ln","description":"","publisher":{"@id":"https:\/\/www.jobcenterkoeln.de\/de_APP\/#organization"},"potentialAction":[{"@type":"SearchAction","target":{"@type":"EntryPoint","urlTemplate":"https:\/\/www.jobcenterkoeln.de\/de_APP\/?s={search_term_string}"},"query-input":{"@type":"PropertyValueSpecification","valueRequired":true,"valueName":"search_term_string"}}],"inLanguage":"de-APP"},{"@type":"Organization","@id":"https:\/\/www.jobcenterkoeln.de\/de_APP\/#organization","name":"Jobcenter K\u00f6ln","url":"https:\/\/www.jobcenterkoeln.de\/de_APP\/","logo":{"@type":"ImageObject","inLanguage":"de-APP","@id":"https:\/\/www.jobcenterkoeln.de\/de_APP\/#\/schema\/logo\/image\/","url":"","contentUrl":"","caption":"Jobcenter K\u00f6ln"},"image":{"@id":"https:\/\/www.jobcenterkoeln.de\/de_APP\/#\/schema\/logo\/image\/"},"sameAs":["https:\/\/www.facebook.com\/jobcenterkoeln","https:\/\/www.youtube.com\/channel\/UCYRuht_ePRSHEkGxLmTjr0Q"]}]}},"_links":{"self":[{"href":"https:\/\/www.jobcenterkoeln.de\/de_APP\/wp-json\/wp\/v2\/pages\/19739","targetHints":{"allow":["GET"]}}],"collection":[{"href":"https:\/\/www.jobcenterkoeln.de\/de_APP\/wp-json\/wp\/v2\/pages"}],"about":[{"href":"https:\/\/www.jobcenterkoeln.de\/de_APP\/wp-json\/wp\/v2\/types\/page"}],"author":[{"embeddable":true,"href":"https:\/\/www.jobcenterkoeln.de\/de_APP\/wp-json\/wp\/v2\/users\/139"}],"replies":[{"embeddable":true,"href":"https:\/\/www.jobcenterkoeln.de\/de_APP\/wp-json\/wp\/v2\/comments?post=19739"}],"version-history":[{"count":12,"href":"https:\/\/www.jobcenterkoeln.de\/de_APP\/wp-json\/wp\/v2\/pages\/19739\/revisions"}],"predecessor-version":[{"id":25417,"href":"https:\/\/www.jobcenterkoeln.de\/de_APP\/wp-json\/wp\/v2\/pages\/19739\/revisions\/25417"}],"up":[{"embeddable":true,"href":"https:\/\/www.jobcenterkoeln.de\/de_APP\/wp-json\/wp\/v2\/pages\/16437"}],"wp:attachment":[{"href":"https:\/\/www.jobcenterkoeln.de\/de_APP\/wp-json\/wp\/v2\/media?parent=19739"}],"wp:term":[{"taxonomy":"folder","embeddable":true,"href":"https:\/\/www.jobcenterkoeln.de\/de_APP\/wp-json\/wp\/v2\/folder?post=19739"}],"curies":[{"name":"wp","href":"https:\/\/api.w.org\/{rel}","templated":true}]}}